{"id":825,"date":"2025-01-19T17:26:30","date_gmt":"2025-01-19T16:26:30","guid":{"rendered":"https:\/\/www.ksiegowy.fr\/home\/"},"modified":"2025-01-19T21:22:18","modified_gmt":"2025-01-19T20:22:18","slug":"online","status":"publish","type":"page","link":"https:\/\/www.ksiegowy.fr\/pl_pl\/online\/","title":{"rendered":"Ksi\u0119gowo\u015b\u0107 Online"},"content":{"rendered":"<p>Je\u015bli szukasz profesjonalnych us\u0142ug ksi\u0119gowych, Millenius jest firm\u0105, kt\u00f3ra spe\u0142ni Twoje oczekiwania. Nasza strona <a target=\"_new\" rel=\"noopener\">home<\/a> to idealne miejsce, by zapozna\u0107 si\u0119 z pe\u0142n\u0105 ofert\u0105 us\u0142ug ksi\u0119gowych, podatkowych oraz doradczych, kt\u00f3re dostosowane s\u0105 do potrzeb Twojej firmy. Jako do\u015bwiadczony ksi\u0119gowy, oferujemy kompleksow\u0105 obs\u0142ug\u0119, kt\u00f3ra pomo\u017ce Ci skupi\u0107 si\u0119 na rozwoju biznesu, jednocze\u015bnie dbaj\u0105c o finanse i zgodno\u015b\u0107 z przepisami.<\/p>\n<p>Na naszej stronie <a target=\"_new\" rel=\"noopener\">home<\/a> znajdziesz pe\u0142n\u0105 ofert\u0119, w kt\u00f3rej ka\u017cdy przedsi\u0119biorca znajdzie co\u015b dla siebie. Oferujemy us\u0142ugi prowadzenia ksi\u0105g rachunkowych, rozlicze\u0144 podatkowych, a tak\u017ce doradztwa finansowego. Nasi do\u015bwiadczeni ksi\u0119gowi pomagaj\u0105 w codziennym zarz\u0105dzaniu finansami, a tak\u017ce oferuj\u0105 pomoc w przypadku bardziej skomplikowanych kwestii zwi\u0105zanych z dzia\u0142alno\u015bci\u0105 gospodarcz\u0105.<\/p>\n<p>Millenius to firma, w kt\u00f3rej zatrudniamy wykwalifikowanych ksi\u0119gowych, kt\u00f3rzy oferuj\u0105 szeroki zakres us\u0142ug. Na stronie <a target=\"_new\" rel=\"noopener\">home<\/a> znajdziesz wi\u0119cej informacji na temat doradztwa podatkowego, przygotowania deklaracji oraz rozlicze\u0144 z urz\u0119dami skarbowymi. Jako ksi\u0119gowy z wieloletnim do\u015bwiadczeniem, nasz zesp\u00f3\u0142 zapewnia fachow\u0105 pomoc na ka\u017cdym etapie rozwoju Twojej firmy, od za\u0142o\u017cenia dzia\u0142alno\u015bci po skomplikowane zagadnienia podatkowe i finansowe.<\/p>\n<p>Strona <a target=\"_new\" rel=\"noopener\">home<\/a> zawiera pe\u0142n\u0105 ofert\u0119 us\u0142ug, kt\u00f3re pomog\u0105 Ci w zarz\u0105dzaniu ksi\u0119gowo\u015bci\u0105 firmy. Millenius to firma, w kt\u00f3rej zatrudniani s\u0105 tylko wykwalifikowani ksi\u0119gowi, kt\u00f3rzy dbaj\u0105 o to, by Twoja firma by\u0142a zawsze zgodna z przepisami prawa i odpowiednio zarz\u0105dzana pod k\u0105tem finans\u00f3w. Dzi\u0119ki naszym us\u0142ugom masz pewno\u015b\u0107, \u017ce wszystkie dokumenty s\u0105 prawid\u0142owo przygotowane, a Ty mo\u017cesz skupi\u0107 si\u0119 na rozwoju biznesu.<\/p>\n<p>Je\u015bli szukasz profesjonalnego wsparcia ksi\u0119gowego, Millenius to firma, kt\u00f3ra zapewnia kompleksow\u0105 obs\u0142ug\u0119 na najwy\u017cszym poziomie. Na naszej stronie <a target=\"_new\" rel=\"noopener\">home<\/a> dowiesz si\u0119, jak nasze us\u0142ugi mog\u0105 pom\u00f3c Ci w organizacji pracy ksi\u0119gowego w Twojej firmie, a tak\u017ce jak optymalizowa\u0107 procesy podatkowe i finansowe. Nasi ksi\u0119gowi oferuj\u0105 pe\u0142ne wsparcie zar\u00f3wno w zakresie rozlicze\u0144 podatkowych, jak i prowadzenia ksi\u0105g rachunkowych, dzi\u0119ki czemu masz pewno\u015b\u0107, \u017ce Twoja firma dzia\u0142a zgodnie z obowi\u0105zuj\u0105cymi przepisami.<\/p>\n<p>Skorzystaj z naszej strony <a target=\"_new\" rel=\"noopener\">home<\/a>, aby zapozna\u0107 si\u0119 z us\u0142ugami, kt\u00f3re oferujemy jako profesjonalni ksi\u0119gowi. Nasza firma zapewnia kompleksowe rozwi\u0105zania w zakresie ksi\u0119gowo\u015bci, doradztwa podatkowego i finansowego, co sprawia, \u017ce Twoje finanse s\u0105 w dobrych r\u0119kach. Z Millenius masz pewno\u015b\u0107, \u017ce Twoja firma jest w pe\u0142ni zgodna z przepisami, a Ty mo\u017cesz skoncentrowa\u0107 si\u0119 na rozwoju biznesu.<\/p>\n","protected":false},"excerpt":{"rendered":"Je\u015bli szukasz profesjonalnych us\u0142ug ksi\u0119gowych, Millenius jest firm\u0105, kt\u00f3ra spe\u0142ni Twoje oczekiwania. Nasza strona home&#8230;","protected":false},"author":5,"featured_media":475,"parent":0,"menu_order":0,"comment_status":"closed","ping_status":"closed","template":"","meta":{"_acf_changed":false,"footnotes":""},"class_list":["post-825","page","type-page","status-publish","has-post-thumbnail","hentry"],"acf":[],"yoast_head":"<!-- This site is optimized with the Yoast SEO Premium plugin v23.8 (Yoast SEO v27.4) - https:\/\/yoast.com\/product\/yoast-seo-premium-wordpress\/ -->\n<title>Ksi\u0119gowy - KSI\u0118GOWY WE FRANCJI<\/title>\n<meta name=\"description\" content=\"Ksi\u0119gowy - Autoryzowane biuro ksi\u0119gowe we Francji. Po polsku. Partner bran\u017cy remontowo-budowlanej. Zapraszamy do wsp\u00f3\u0142pracy!\" \/>\n<meta name=\"robots\" content=\"index, follow, max-snippet:-1, max-image-preview:large, max-video-preview:-1\" \/>\n<link rel=\"canonical\" href=\"https:\/\/www.ksiegowy.fr\/pl_pl\/online\/\" \/>\n<meta property=\"og:locale\" content=\"pl_PL\" \/>\n<meta property=\"og:type\" content=\"article\" \/>\n<meta property=\"og:title\" content=\"Ksi\u0119gowo\u015b\u0107 Online\" \/>\n<meta property=\"og:description\" content=\"Ksi\u0119gowy - Autoryzowane biuro ksi\u0119gowe we Francji. Po polsku. Partner bran\u017cy remontowo-budowlanej. Zapraszamy do wsp\u00f3\u0142pracy!\" \/>\n<meta property=\"og:url\" content=\"https:\/\/www.ksiegowy.fr\/pl_pl\/online\/\" \/>\n<meta property=\"og:site_name\" content=\"KSI\u0118GOWY WE FRANCJI\" \/>\n<meta property=\"article:modified_time\" content=\"2025-01-19T20:22:18+00:00\" \/>\n<meta property=\"og:image\" content=\"https:\/\/www.ksiegowy.fr\/wp-content\/uploads\/2022\/06\/logosocial.png\" \/>\n\t<meta property=\"og:image:width\" content=\"220\" \/>\n\t<meta property=\"og:image:height\" content=\"220\" \/>\n\t<meta property=\"og:image:type\" content=\"image\/png\" \/>\n<meta name=\"twitter:card\" content=\"summary_large_image\" \/>\n<meta name=\"twitter:label1\" content=\"Szacowany czas czytania\" \/>\n\t<meta name=\"twitter:data1\" content=\"1 minuta\" \/>\n<script type=\"application\/ld+json\" class=\"yoast-schema-graph\">{\"@context\":\"https:\\\/\\\/schema.org\",\"@graph\":[{\"@type\":\"WebPage\",\"@id\":\"https:\\\/\\\/www.ksiegowy.fr\\\/online\\\/\",\"url\":\"https:\\\/\\\/www.ksiegowy.fr\\\/online\\\/\",\"name\":\"Ksi\u0119gowy - KSI\u0118GOWY WE FRANCJI\",\"isPartOf\":{\"@id\":\"https:\\\/\\\/www.ksiegowy.fr\\\/#website\"},\"primaryImageOfPage\":{\"@id\":\"https:\\\/\\\/www.ksiegowy.fr\\\/online\\\/#primaryimage\"},\"image\":{\"@id\":\"https:\\\/\\\/www.ksiegowy.fr\\\/online\\\/#primaryimage\"},\"thumbnailUrl\":\"https:\\\/\\\/www.ksiegowy.fr\\\/wp-content\\\/uploads\\\/2022\\\/06\\\/logosocial.png\",\"datePublished\":\"2025-01-19T16:26:30+00:00\",\"dateModified\":\"2025-01-19T20:22:18+00:00\",\"description\":\"Ksi\u0119gowy - Autoryzowane biuro ksi\u0119gowe we Francji. Po polsku. Partner bran\u017cy remontowo-budowlanej. Zapraszamy do wsp\u00f3\u0142pracy!\",\"breadcrumb\":{\"@id\":\"https:\\\/\\\/www.ksiegowy.fr\\\/online\\\/#breadcrumb\"},\"inLanguage\":\"pl-PL\",\"potentialAction\":[{\"@type\":\"ReadAction\",\"target\":[\"https:\\\/\\\/www.ksiegowy.fr\\\/online\\\/\"]}]},{\"@type\":\"ImageObject\",\"inLanguage\":\"pl-PL\",\"@id\":\"https:\\\/\\\/www.ksiegowy.fr\\\/online\\\/#primaryimage\",\"url\":\"https:\\\/\\\/www.ksiegowy.fr\\\/wp-content\\\/uploads\\\/2022\\\/06\\\/logosocial.png\",\"contentUrl\":\"https:\\\/\\\/www.ksiegowy.fr\\\/wp-content\\\/uploads\\\/2022\\\/06\\\/logosocial.png\",\"width\":220,\"height\":220},{\"@type\":\"BreadcrumbList\",\"@id\":\"https:\\\/\\\/www.ksiegowy.fr\\\/online\\\/#breadcrumb\",\"itemListElement\":[{\"@type\":\"ListItem\",\"position\":1,\"name\":\"Strona g\u0142\u00f3wna\",\"item\":\"https:\\\/\\\/www.ksiegowy.fr\\\/\"},{\"@type\":\"ListItem\",\"position\":2,\"name\":\"Ksi\u0119gowo\u015b\u0107 Online\"}]},{\"@type\":\"WebSite\",\"@id\":\"https:\\\/\\\/www.ksiegowy.fr\\\/#website\",\"url\":\"https:\\\/\\\/www.ksiegowy.fr\\\/\",\"name\":\"KSI\u0118GOWY WE FRANCJI\",\"description\":\"Autoryzowane biuro ksi\u0119gowe we Francji partner przedsi\u0119biorc\u00f3w bran\u017cy remontowo-budowlanej bezpiecznie i po polsku Ksi\u0119gowo\u015b\u0107 P\u0142ace Finanse\",\"potentialAction\":[{\"@type\":\"SearchAction\",\"target\":{\"@type\":\"EntryPoint\",\"urlTemplate\":\"https:\\\/\\\/www.ksiegowy.fr\\\/?s={search_term_string}\"},\"query-input\":{\"@type\":\"PropertyValueSpecification\",\"valueRequired\":true,\"valueName\":\"search_term_string\"}}],\"inLanguage\":\"pl-PL\"}]}<\/script>\n<!-- \/ Yoast SEO Premium plugin. -->","yoast_head_json":{"title":"Ksi\u0119gowy - KSI\u0118GOWY WE FRANCJI","description":"Ksi\u0119gowy - Autoryzowane biuro ksi\u0119gowe we Francji. Po polsku. Partner bran\u017cy remontowo-budowlanej. Zapraszamy do wsp\u00f3\u0142pracy!","robots":{"index":"index","follow":"follow","max-snippet":"max-snippet:-1","max-image-preview":"max-image-preview:large","max-video-preview":"max-video-preview:-1"},"canonical":"https:\/\/www.ksiegowy.fr\/pl_pl\/online\/","og_locale":"pl_PL","og_type":"article","og_title":"Ksi\u0119gowo\u015b\u0107 Online","og_description":"Ksi\u0119gowy - Autoryzowane biuro ksi\u0119gowe we Francji. Po polsku. Partner bran\u017cy remontowo-budowlanej. Zapraszamy do wsp\u00f3\u0142pracy!","og_url":"https:\/\/www.ksiegowy.fr\/pl_pl\/online\/","og_site_name":"KSI\u0118GOWY WE FRANCJI","article_modified_time":"2025-01-19T20:22:18+00:00","og_image":[{"width":220,"height":220,"url":"https:\/\/www.ksiegowy.fr\/wp-content\/uploads\/2022\/06\/logosocial.png","type":"image\/png"}],"twitter_card":"summary_large_image","twitter_misc":{"Szacowany czas czytania":"1 minuta"},"schema":{"@context":"https:\/\/schema.org","@graph":[{"@type":"WebPage","@id":"https:\/\/www.ksiegowy.fr\/online\/","url":"https:\/\/www.ksiegowy.fr\/online\/","name":"Ksi\u0119gowy - KSI\u0118GOWY WE FRANCJI","isPartOf":{"@id":"https:\/\/www.ksiegowy.fr\/#website"},"primaryImageOfPage":{"@id":"https:\/\/www.ksiegowy.fr\/online\/#primaryimage"},"image":{"@id":"https:\/\/www.ksiegowy.fr\/online\/#primaryimage"},"thumbnailUrl":"https:\/\/www.ksiegowy.fr\/wp-content\/uploads\/2022\/06\/logosocial.png","datePublished":"2025-01-19T16:26:30+00:00","dateModified":"2025-01-19T20:22:18+00:00","description":"Ksi\u0119gowy - Autoryzowane biuro ksi\u0119gowe we Francji. Po polsku. Partner bran\u017cy remontowo-budowlanej. Zapraszamy do wsp\u00f3\u0142pracy!","breadcrumb":{"@id":"https:\/\/www.ksiegowy.fr\/online\/#breadcrumb"},"inLanguage":"pl-PL","potentialAction":[{"@type":"ReadAction","target":["https:\/\/www.ksiegowy.fr\/online\/"]}]},{"@type":"ImageObject","inLanguage":"pl-PL","@id":"https:\/\/www.ksiegowy.fr\/online\/#primaryimage","url":"https:\/\/www.ksiegowy.fr\/wp-content\/uploads\/2022\/06\/logosocial.png","contentUrl":"https:\/\/www.ksiegowy.fr\/wp-content\/uploads\/2022\/06\/logosocial.png","width":220,"height":220},{"@type":"BreadcrumbList","@id":"https:\/\/www.ksiegowy.fr\/online\/#breadcrumb","itemListElement":[{"@type":"ListItem","position":1,"name":"Strona g\u0142\u00f3wna","item":"https:\/\/www.ksiegowy.fr\/"},{"@type":"ListItem","position":2,"name":"Ksi\u0119gowo\u015b\u0107 Online"}]},{"@type":"WebSite","@id":"https:\/\/www.ksiegowy.fr\/#website","url":"https:\/\/www.ksiegowy.fr\/","name":"KSI\u0118GOWY WE FRANCJI","description":"Autoryzowane biuro ksi\u0119gowe we Francji partner przedsi\u0119biorc\u00f3w bran\u017cy remontowo-budowlanej bezpiecznie i po polsku Ksi\u0119gowo\u015b\u0107 P\u0142ace Finanse","potentialAction":[{"@type":"SearchAction","target":{"@type":"EntryPoint","urlTemplate":"https:\/\/www.ksiegowy.fr\/?s={search_term_string}"},"query-input":{"@type":"PropertyValueSpecification","valueRequired":true,"valueName":"search_term_string"}}],"inLanguage":"pl-PL"}]}},"_links":{"self":[{"href":"https:\/\/www.ksiegowy.fr\/pl_pl\/wp-json\/wp\/v2\/pages\/825","targetHints":{"allow":["GET"]}}],"collection":[{"href":"https:\/\/www.ksiegowy.fr\/pl_pl\/wp-json\/wp\/v2\/pages"}],"about":[{"href":"https:\/\/www.ksiegowy.fr\/pl_pl\/wp-json\/wp\/v2\/types\/page"}],"author":[{"embeddable":true,"href":"https:\/\/www.ksiegowy.fr\/pl_pl\/wp-json\/wp\/v2\/users\/5"}],"replies":[{"embeddable":true,"href":"https:\/\/www.ksiegowy.fr\/pl_pl\/wp-json\/wp\/v2\/comments?post=825"}],"version-history":[{"count":17,"href":"https:\/\/www.ksiegowy.fr\/pl_pl\/wp-json\/wp\/v2\/pages\/825\/revisions"}],"predecessor-version":[{"id":855,"href":"https:\/\/www.ksiegowy.fr\/pl_pl\/wp-json\/wp\/v2\/pages\/825\/revisions\/855"}],"wp:featuredmedia":[{"embeddable":true,"href":"https:\/\/www.ksiegowy.fr\/pl_pl\/wp-json\/wp\/v2\/media\/475"}],"wp:attachment":[{"href":"https:\/\/www.ksiegowy.fr\/pl_pl\/wp-json\/wp\/v2\/media?parent=825"}],"curies":[{"name":"wp","href":"https:\/\/api.w.org\/{rel}","templated":true}]}}