{"id":646,"date":"2023-11-20T12:49:46","date_gmt":"2023-11-20T11:49:46","guid":{"rendered":"https:\/\/www.ksiegowy.fr\/cart\/"},"modified":"2024-11-09T22:32:11","modified_gmt":"2024-11-09T21:32:11","slug":"cart","status":"publish","type":"page","link":"https:\/\/www.ksiegowy.fr\/pl_pl\/cart\/","title":{"rendered":"Cart"},"content":{"rendered":"\r\n<div data-block-name=\"woocommerce\/cart\" class=\"wp-block-woocommerce-cart alignwide is-loading\">\r\n<div data-block-name=\"woocommerce\/filled-cart-block\" class=\"wp-block-woocommerce-filled-cart-block\">\r\n<div data-block-name=\"woocommerce\/cart-items-block\" class=\"wp-block-woocommerce-cart-items-block\">\r\n<div data-block-name=\"woocommerce\/cart-line-items-block\" class=\"wp-block-woocommerce-cart-line-items-block\">\u00a0<\/div>\r\n\r\n\r\n\r\n<div data-block-name=\"woocommerce\/cart-cross-sells-block\" class=\"wp-block-woocommerce-cart-cross-sells-block\">\r\n<h2 class=\"wp-block-heading has-large-font-size\">Cart<\/h2>\r\n<p><strong>Shopping \u2013 Review and Confirm Your Selections<\/strong><\/p>\r\n<p>Welcome to your shopping, where you can easily manage and review all items chosen for purchase. Here, you have full control over the contents of your cart, including options to adjust quantities, remove items, or save favorite products for later. Your cart provides a clear overview of product details, pricing, and availability, making it easy to ensure everything is just right before proceeding to checkout.<\/p>\r\n<p>If you have a discount code, this is the ideal place to apply it to see your updated total in real-time. Watch your savings add up, and don\u2019t forget to check for promotions or special offers that may be available. The cart page also features a delivery estimate tool, allowing you to preview shipping costs and options for a tailored shopping experience. For users who create an account, items in your cart will be saved across devices, so you can return to complete your purchase at your convenience.<\/p>\r\n<p>We want to ensure your shopping experience is as smooth as possible, so our layout is designed to be intuitive and informative. Below each item, you\u2019ll find essential details like size, color, or any customizations selected to verify accuracy before you check out. The will update automatically with any changes you make, letting you see your updated total instantly.<\/p>\r\n<p>Once you\u2019re satisfied with the items in your cart, proceed to checkout where you\u2019ll confirm your details, choose a shipping method, and finalize your payment. Our streamlined process ensures a quick and secure checkout, so you can get your order on its way without hassle. Thank you for shopping with us \u2013 we\u2019re excited to fulfill your order and provide you with an exceptional shopping experience! Enjoy your shopping in our shop with extra products and free shipping<\/p>\r\n\r\n\r\n<\/div>\r\n<\/div>\r\n<div data-block-name=\"woocommerce\/cart-cross-sells-products-block\" class=\"wp-block-woocommerce-cart-totals-block\">\r\n\r\n\r\n<div data-block-name=\"woocommerce\/proceed-to-checkout-block\" class=\"wp-block-woocommerce-proceed-to-checkout-block\">\u00a0<\/div>\r\n\r\n\r\n\r\n<div data-block-name=\"woocommerce\/cart-accepted-payment-methods-block\" class=\"wp-block-woocommerce-cart-accepted-payment-methods-block\">\u00a0<\/div>\r\n<\/div>\r\n<\/div>\r\n\r\n\r\n\r\n<div data-block-name=\"woocommerce\/empty-cart-block\" class=\"wp-block-woocommerce-empty-cart-block\">\r\n<h2 class=\"wp-block-heading has-text-align-center with-empty-cart-icon wc-block-cart__empty-cart__title\">Your cart is currently empty!<\/h2>\r\n\r\n\r\n<hr class=\"wp-block-separator has-alpha-channel-opacity is-style-dots\" \/>\r\n\r\n\r\n<h2 class=\"wp-block-heading has-text-align-center\">New in store<\/h2>\r\n\r\n\r\n<div data-block-name=\"woocommerce\/product-new\" data-columns=\"4\" data-rows=\"1\" class=\"wc-block-grid wp-block-product-new wp-block-woocommerce-product-new wc-block-product-new has-4-columns\"><ul class=\"wc-block-grid__products\"><li class=\"wc-block-grid__product\">\n\t\t\t\t<a href=\"https:\/\/www.ksiegowy.fr\/pl_pl\/produkt\/usluga-deklaracji-podatkowej-we-francji\/\" class=\"wc-block-grid__product-link\">\n\t\t\t\t\t\n\t\t\t\t\t<div class=\"wc-block-grid__product-image\"><img loading=\"lazy\" decoding=\"async\" width=\"300\" height=\"300\" src=\"https:\/\/www.ksiegowy.fr\/wp-content\/uploads\/2023\/11\/DEKLARACJA-PODATKOWA-WE-FRANCJI-300x300.png\" class=\"attachment-woocommerce_thumbnail size-woocommerce_thumbnail\" alt=\"Us\u0142uga Deklaracji Podatkowej we Francji\" srcset=\"https:\/\/www.ksiegowy.fr\/wp-content\/uploads\/2023\/11\/DEKLARACJA-PODATKOWA-WE-FRANCJI-300x300.png 300w, https:\/\/www.ksiegowy.fr\/wp-content\/uploads\/2023\/11\/DEKLARACJA-PODATKOWA-WE-FRANCJI-250x250.png 250w, https:\/\/www.ksiegowy.fr\/wp-content\/uploads\/2023\/11\/DEKLARACJA-PODATKOWA-WE-FRANCJI-700x700.png 700w, https:\/\/www.ksiegowy.fr\/wp-content\/uploads\/2023\/11\/DEKLARACJA-PODATKOWA-WE-FRANCJI-150x150.png 150w, https:\/\/www.ksiegowy.fr\/wp-content\/uploads\/2023\/11\/DEKLARACJA-PODATKOWA-WE-FRANCJI-768x768.png 768w, https:\/\/www.ksiegowy.fr\/wp-content\/uploads\/2023\/11\/DEKLARACJA-PODATKOWA-WE-FRANCJI-12x12.png 12w, https:\/\/www.ksiegowy.fr\/wp-content\/uploads\/2023\/11\/DEKLARACJA-PODATKOWA-WE-FRANCJI-120x120.png 120w, https:\/\/www.ksiegowy.fr\/wp-content\/uploads\/2023\/11\/DEKLARACJA-PODATKOWA-WE-FRANCJI-200x200.png 200w, https:\/\/www.ksiegowy.fr\/wp-content\/uploads\/2023\/11\/DEKLARACJA-PODATKOWA-WE-FRANCJI-600x600.png 600w, https:\/\/www.ksiegowy.fr\/wp-content\/uploads\/2023\/11\/DEKLARACJA-PODATKOWA-WE-FRANCJI-350x350.png 350w, https:\/\/www.ksiegowy.fr\/wp-content\/uploads\/2023\/11\/DEKLARACJA-PODATKOWA-WE-FRANCJI.png 1080w\" sizes=\"auto, (max-width: 300px) 100vw, 300px\" \/><\/div>\n\t\t\t\t\t<div class=\"wc-block-grid__product-title\">DEKLARACJA PODATKOWA DLA OSOBY PRYWATNEJ WE FRANCJI<\/div>\n\t\t\t\t<\/a>\n\t\t\t\t<div class=\"wc-block-grid__product-price price\"><span class=\"woocommerce-Price-amount amount\">90,00&nbsp;<span class=\"woocommerce-Price-currencySymbol\">&euro;<\/span><\/span><\/div>\n\t\t\t\t\n\t\t\t\t<div class=\"wp-block-button wc-block-grid__product-add-to-cart\"><a href=\"\/pl_pl\/wp-json\/wp\/v2\/pages\/646?add-to-cart=666\" aria-label=\"Add to cart: &ldquo;DEKLARACJA PODATKOWA DLA OSOBY PRYWATNEJ WE FRANCJI&rdquo;\" data-quantity=\"1\" data-product_id=\"666\" data-product_sku=\"\" data-price=\"90\" rel=\"nofollow\" class=\"wp-block-button__link  add_to_cart_button ajax_add_to_cart\">Do koszyka<\/a><\/div>\n\t\t\t<\/li><li class=\"wc-block-grid__product\">\n\t\t\t\t<a href=\"https:\/\/www.ksiegowy.fr\/pl_pl\/produkt\/rejestracja-dzialalnosci-mikro-btp-we-francji\/\" class=\"wc-block-grid__product-link\">\n\t\t\t\t\t\n\t\t\t\t\t<div class=\"wc-block-grid__product-image\"><img loading=\"lazy\" decoding=\"async\" width=\"300\" height=\"300\" src=\"https:\/\/www.ksiegowy.fr\/wp-content\/uploads\/2023\/11\/REJESTRACJA-MICRO-BTP-300x300.png\" class=\"attachment-woocommerce_thumbnail size-woocommerce_thumbnail\" alt=\"Rejestracja MICRO Dzia\u0142alno\u015bci\" srcset=\"https:\/\/www.ksiegowy.fr\/wp-content\/uploads\/2023\/11\/REJESTRACJA-MICRO-BTP-300x300.png 300w, https:\/\/www.ksiegowy.fr\/wp-content\/uploads\/2023\/11\/REJESTRACJA-MICRO-BTP-250x250.png 250w, https:\/\/www.ksiegowy.fr\/wp-content\/uploads\/2023\/11\/REJESTRACJA-MICRO-BTP-700x700.png 700w, https:\/\/www.ksiegowy.fr\/wp-content\/uploads\/2023\/11\/REJESTRACJA-MICRO-BTP-150x150.png 150w, https:\/\/www.ksiegowy.fr\/wp-content\/uploads\/2023\/11\/REJESTRACJA-MICRO-BTP-768x768.png 768w, https:\/\/www.ksiegowy.fr\/wp-content\/uploads\/2023\/11\/REJESTRACJA-MICRO-BTP-12x12.png 12w, https:\/\/www.ksiegowy.fr\/wp-content\/uploads\/2023\/11\/REJESTRACJA-MICRO-BTP-120x120.png 120w, https:\/\/www.ksiegowy.fr\/wp-content\/uploads\/2023\/11\/REJESTRACJA-MICRO-BTP-200x200.png 200w, https:\/\/www.ksiegowy.fr\/wp-content\/uploads\/2023\/11\/REJESTRACJA-MICRO-BTP-600x600.png 600w, https:\/\/www.ksiegowy.fr\/wp-content\/uploads\/2023\/11\/REJESTRACJA-MICRO-BTP-350x350.png 350w, https:\/\/www.ksiegowy.fr\/wp-content\/uploads\/2023\/11\/REJESTRACJA-MICRO-BTP.png 1080w\" sizes=\"auto, (max-width: 300px) 100vw, 300px\" \/><\/div>\n\t\t\t\t\t<div class=\"wc-block-grid__product-title\">REJESTRACJA DZIA\u0141ALNO\u015aCI MICRO BTP WE FRANCJI<\/div>\n\t\t\t\t<\/a>\n\t\t\t\t<div class=\"wc-block-grid__product-price price\"><span class=\"woocommerce-Price-amount amount\">480,00&nbsp;<span class=\"woocommerce-Price-currencySymbol\">&euro;<\/span><\/span><\/div>\n\t\t\t\t\n\t\t\t\t<div class=\"wp-block-button wc-block-grid__product-add-to-cart\"><a href=\"\/pl_pl\/wp-json\/wp\/v2\/pages\/646?add-to-cart=665\" aria-label=\"Add to cart: &ldquo;REJESTRACJA DZIA\u0141ALNO\u015aCI MICRO BTP WE FRANCJI&rdquo;\" data-quantity=\"1\" data-product_id=\"665\" data-product_sku=\"\" data-price=\"480\" rel=\"nofollow\" class=\"wp-block-button__link  add_to_cart_button ajax_add_to_cart\">Do koszyka<\/a><\/div>\n\t\t\t<\/li><li class=\"wc-block-grid__product\">\n\t\t\t\t<a href=\"https:\/\/www.ksiegowy.fr\/pl_pl\/produkt\/pomoc-w-wyborze-formy-dzialalnosci-we-francji\/\" class=\"wc-block-grid__product-link\">\n\t\t\t\t\t\n\t\t\t\t\t<div class=\"wc-block-grid__product-image\"><img loading=\"lazy\" decoding=\"async\" width=\"300\" height=\"300\" src=\"https:\/\/www.ksiegowy.fr\/wp-content\/uploads\/2023\/11\/POMOC-W-WYBORZE--300x300.png\" class=\"attachment-woocommerce_thumbnail size-woocommerce_thumbnail\" alt=\"Doradztwo przy Wyborze Formy Dzia\u0142alno\u015bci\" srcset=\"https:\/\/www.ksiegowy.fr\/wp-content\/uploads\/2023\/11\/POMOC-W-WYBORZE--300x300.png 300w, https:\/\/www.ksiegowy.fr\/wp-content\/uploads\/2023\/11\/POMOC-W-WYBORZE--250x250.png 250w, https:\/\/www.ksiegowy.fr\/wp-content\/uploads\/2023\/11\/POMOC-W-WYBORZE--700x700.png 700w, https:\/\/www.ksiegowy.fr\/wp-content\/uploads\/2023\/11\/POMOC-W-WYBORZE--150x150.png 150w, https:\/\/www.ksiegowy.fr\/wp-content\/uploads\/2023\/11\/POMOC-W-WYBORZE--768x768.png 768w, https:\/\/www.ksiegowy.fr\/wp-content\/uploads\/2023\/11\/POMOC-W-WYBORZE--12x12.png 12w, https:\/\/www.ksiegowy.fr\/wp-content\/uploads\/2023\/11\/POMOC-W-WYBORZE--120x120.png 120w, https:\/\/www.ksiegowy.fr\/wp-content\/uploads\/2023\/11\/POMOC-W-WYBORZE--200x200.png 200w, https:\/\/www.ksiegowy.fr\/wp-content\/uploads\/2023\/11\/POMOC-W-WYBORZE--600x600.png 600w, https:\/\/www.ksiegowy.fr\/wp-content\/uploads\/2023\/11\/POMOC-W-WYBORZE--350x350.png 350w, https:\/\/www.ksiegowy.fr\/wp-content\/uploads\/2023\/11\/POMOC-W-WYBORZE-.png 1080w\" sizes=\"auto, (max-width: 300px) 100vw, 300px\" \/><\/div>\n\t\t\t\t\t<div class=\"wc-block-grid__product-title\">POMOC W WYBORZE FORMY DZIA\u0141ALNO\u015aCI<\/div>\n\t\t\t\t<\/a>\n\t\t\t\t<div class=\"wc-block-grid__product-price price\"><span class=\"woocommerce-Price-amount amount\">300,00&nbsp;<span class=\"woocommerce-Price-currencySymbol\">&euro;<\/span><\/span><\/div>\n\t\t\t\t\n\t\t\t\t<div class=\"wp-block-button wc-block-grid__product-add-to-cart\"><a href=\"\/pl_pl\/wp-json\/wp\/v2\/pages\/646?add-to-cart=664\" aria-label=\"Add to cart: &ldquo;POMOC W WYBORZE FORMY DZIA\u0141ALNO\u015aCI&rdquo;\" data-quantity=\"1\" data-product_id=\"664\" data-product_sku=\"\" data-price=\"300\" rel=\"nofollow\" class=\"wp-block-button__link  add_to_cart_button ajax_add_to_cart\">Do koszyka<\/a><\/div>\n\t\t\t<\/li><li class=\"wc-block-grid__product\">\n\t\t\t\t<a href=\"https:\/\/www.ksiegowy.fr\/pl_pl\/produkt\/rejestracja-spolki-we-francji\/\" class=\"wc-block-grid__product-link\">\n\t\t\t\t\t\n\t\t\t\t\t<div class=\"wc-block-grid__product-image\"><img loading=\"lazy\" decoding=\"async\" width=\"300\" height=\"300\" src=\"https:\/\/www.ksiegowy.fr\/wp-content\/uploads\/2023\/11\/REJESTRACJA-SPOLKI-WE-FRANCJI--300x300.png\" class=\"attachment-woocommerce_thumbnail size-woocommerce_thumbnail\" alt=\"REJESTRACJA SP\u00d3\u0141KI WE FRANCJI\" srcset=\"https:\/\/www.ksiegowy.fr\/wp-content\/uploads\/2023\/11\/REJESTRACJA-SPOLKI-WE-FRANCJI--300x300.png 300w, https:\/\/www.ksiegowy.fr\/wp-content\/uploads\/2023\/11\/REJESTRACJA-SPOLKI-WE-FRANCJI--250x250.png 250w, https:\/\/www.ksiegowy.fr\/wp-content\/uploads\/2023\/11\/REJESTRACJA-SPOLKI-WE-FRANCJI--700x700.png 700w, https:\/\/www.ksiegowy.fr\/wp-content\/uploads\/2023\/11\/REJESTRACJA-SPOLKI-WE-FRANCJI--150x150.png 150w, https:\/\/www.ksiegowy.fr\/wp-content\/uploads\/2023\/11\/REJESTRACJA-SPOLKI-WE-FRANCJI--768x768.png 768w, https:\/\/www.ksiegowy.fr\/wp-content\/uploads\/2023\/11\/REJESTRACJA-SPOLKI-WE-FRANCJI--12x12.png 12w, https:\/\/www.ksiegowy.fr\/wp-content\/uploads\/2023\/11\/REJESTRACJA-SPOLKI-WE-FRANCJI--120x120.png 120w, https:\/\/www.ksiegowy.fr\/wp-content\/uploads\/2023\/11\/REJESTRACJA-SPOLKI-WE-FRANCJI--200x200.png 200w, https:\/\/www.ksiegowy.fr\/wp-content\/uploads\/2023\/11\/REJESTRACJA-SPOLKI-WE-FRANCJI--600x600.png 600w, https:\/\/www.ksiegowy.fr\/wp-content\/uploads\/2023\/11\/REJESTRACJA-SPOLKI-WE-FRANCJI--350x350.png 350w, https:\/\/www.ksiegowy.fr\/wp-content\/uploads\/2023\/11\/REJESTRACJA-SPOLKI-WE-FRANCJI-.png 1080w\" sizes=\"auto, (max-width: 300px) 100vw, 300px\" \/><\/div>\n\t\t\t\t\t<div class=\"wc-block-grid__product-title\">REJESTRACJA SP\u00d3\u0141KI WE FRANCJI<\/div>\n\t\t\t\t<\/a>\n\t\t\t\t<div class=\"wc-block-grid__product-price price\"><span class=\"woocommerce-Price-amount amount\">840,00&nbsp;<span class=\"woocommerce-Price-currencySymbol\">&euro;<\/span><\/span><\/div>\n\t\t\t\t\n\t\t\t\t<div class=\"wp-block-button wc-block-grid__product-add-to-cart\"><a href=\"\/pl_pl\/wp-json\/wp\/v2\/pages\/646?add-to-cart=663\" aria-label=\"Add to cart: &ldquo;REJESTRACJA SP\u00d3\u0141KI WE FRANCJI&rdquo;\" data-quantity=\"1\" data-product_id=\"663\" data-product_sku=\"\" data-price=\"840\" rel=\"nofollow\" class=\"wp-block-button__link  add_to_cart_button ajax_add_to_cart\">Do koszyka<\/a><\/div>\n\t\t\t<\/li><\/ul><\/div><\/div>\r\n<\/div>\r\n","protected":false},"excerpt":{"rendered":"","protected":false},"author":3,"featured_media":0,"parent":0,"menu_order":0,"comment_status":"closed","ping_status":"closed","template":"","meta":{"_acf_changed":false,"footnotes":""},"class_list":["post-646","page","type-page","status-publish","hentry"],"acf":[],"yoast_head":"<!-- This site is optimized with the Yoast SEO Premium plugin v23.8 (Yoast SEO v27.4) - https:\/\/yoast.com\/product\/yoast-seo-premium-wordpress\/ -->\n<title>Cart - KSI\u0118GOWY WE FRANCJI<\/title>\n<meta name=\"description\" content=\"To jest tw\u00f3j cart, zobaczysz tutaj produkty kt\u00f3re doda\u0142e\u015b podczas przegl\u0105dania sklepu na portalu ksi\u0119gowym\" \/>\n<meta name=\"robots\" content=\"index, follow, max-snippet:-1, max-image-preview:large, max-video-preview:-1\" \/>\n<link rel=\"canonical\" href=\"https:\/\/www.ksiegowy.fr\/pl_pl\/cart\/\" \/>\n<meta property=\"og:locale\" content=\"pl_PL\" \/>\n<meta property=\"og:type\" content=\"article\" \/>\n<meta property=\"og:title\" content=\"Cart\" \/>\n<meta property=\"og:description\" content=\"To jest tw\u00f3j cart, zobaczysz tutaj produkty kt\u00f3re doda\u0142e\u015b podczas przegl\u0105dania sklepu na portalu ksi\u0119gowym\" \/>\n<meta property=\"og:url\" content=\"https:\/\/www.ksiegowy.fr\/pl_pl\/cart\/\" \/>\n<meta property=\"og:site_name\" content=\"KSI\u0118GOWY WE FRANCJI\" \/>\n<meta property=\"article:modified_time\" content=\"2024-11-09T21:32:11+00:00\" \/>\n<meta name=\"twitter:card\" content=\"summary_large_image\" \/>\n<meta name=\"twitter:label1\" content=\"Szacowany czas czytania\" \/>\n\t<meta name=\"twitter:data1\" content=\"1 minuta\" \/>\n<script type=\"application\/ld+json\" class=\"yoast-schema-graph\">{\"@context\":\"https:\\\/\\\/schema.org\",\"@graph\":[{\"@type\":\"WebPage\",\"@id\":\"https:\\\/\\\/www.ksiegowy.fr\\\/cart\\\/\",\"url\":\"https:\\\/\\\/www.ksiegowy.fr\\\/cart\\\/\",\"name\":\"Cart - KSI\u0118GOWY WE FRANCJI\",\"isPartOf\":{\"@id\":\"https:\\\/\\\/www.ksiegowy.fr\\\/#website\"},\"datePublished\":\"2023-11-20T11:49:46+00:00\",\"dateModified\":\"2024-11-09T21:32:11+00:00\",\"description\":\"To jest tw\u00f3j cart, zobaczysz tutaj produkty kt\u00f3re doda\u0142e\u015b podczas przegl\u0105dania sklepu na portalu ksi\u0119gowym\",\"breadcrumb\":{\"@id\":\"https:\\\/\\\/www.ksiegowy.fr\\\/cart\\\/#breadcrumb\"},\"inLanguage\":\"pl-PL\",\"potentialAction\":[{\"@type\":\"ReadAction\",\"target\":[\"https:\\\/\\\/www.ksiegowy.fr\\\/cart\\\/\"]}]},{\"@type\":\"BreadcrumbList\",\"@id\":\"https:\\\/\\\/www.ksiegowy.fr\\\/cart\\\/#breadcrumb\",\"itemListElement\":[{\"@type\":\"ListItem\",\"position\":1,\"name\":\"Strona g\u0142\u00f3wna\",\"item\":\"https:\\\/\\\/www.ksiegowy.fr\\\/\"},{\"@type\":\"ListItem\",\"position\":2,\"name\":\"Cart\"}]},{\"@type\":\"WebSite\",\"@id\":\"https:\\\/\\\/www.ksiegowy.fr\\\/#website\",\"url\":\"https:\\\/\\\/www.ksiegowy.fr\\\/\",\"name\":\"KSI\u0118GOWY WE FRANCJI\",\"description\":\"Autoryzowane biuro ksi\u0119gowe we Francji partner przedsi\u0119biorc\u00f3w bran\u017cy remontowo-budowlanej bezpiecznie i po polsku Ksi\u0119gowo\u015b\u0107 P\u0142ace Finanse\",\"potentialAction\":[{\"@type\":\"SearchAction\",\"target\":{\"@type\":\"EntryPoint\",\"urlTemplate\":\"https:\\\/\\\/www.ksiegowy.fr\\\/?s={search_term_string}\"},\"query-input\":{\"@type\":\"PropertyValueSpecification\",\"valueRequired\":true,\"valueName\":\"search_term_string\"}}],\"inLanguage\":\"pl-PL\"}]}<\/script>\n<!-- \/ Yoast SEO Premium plugin. -->","yoast_head_json":{"title":"Cart - KSI\u0118GOWY WE FRANCJI","description":"To jest tw\u00f3j cart, zobaczysz tutaj produkty kt\u00f3re doda\u0142e\u015b podczas przegl\u0105dania sklepu na portalu ksi\u0119gowym","robots":{"index":"index","follow":"follow","max-snippet":"max-snippet:-1","max-image-preview":"max-image-preview:large","max-video-preview":"max-video-preview:-1"},"canonical":"https:\/\/www.ksiegowy.fr\/pl_pl\/cart\/","og_locale":"pl_PL","og_type":"article","og_title":"Cart","og_description":"To jest tw\u00f3j cart, zobaczysz tutaj produkty kt\u00f3re doda\u0142e\u015b podczas przegl\u0105dania sklepu na portalu ksi\u0119gowym","og_url":"https:\/\/www.ksiegowy.fr\/pl_pl\/cart\/","og_site_name":"KSI\u0118GOWY WE FRANCJI","article_modified_time":"2024-11-09T21:32:11+00:00","twitter_card":"summary_large_image","twitter_misc":{"Szacowany czas czytania":"1 minuta"},"schema":{"@context":"https:\/\/schema.org","@graph":[{"@type":"WebPage","@id":"https:\/\/www.ksiegowy.fr\/cart\/","url":"https:\/\/www.ksiegowy.fr\/cart\/","name":"Cart - KSI\u0118GOWY WE FRANCJI","isPartOf":{"@id":"https:\/\/www.ksiegowy.fr\/#website"},"datePublished":"2023-11-20T11:49:46+00:00","dateModified":"2024-11-09T21:32:11+00:00","description":"To jest tw\u00f3j cart, zobaczysz tutaj produkty kt\u00f3re doda\u0142e\u015b podczas przegl\u0105dania sklepu na portalu ksi\u0119gowym","breadcrumb":{"@id":"https:\/\/www.ksiegowy.fr\/cart\/#breadcrumb"},"inLanguage":"pl-PL","potentialAction":[{"@type":"ReadAction","target":["https:\/\/www.ksiegowy.fr\/cart\/"]}]},{"@type":"BreadcrumbList","@id":"https:\/\/www.ksiegowy.fr\/cart\/#breadcrumb","itemListElement":[{"@type":"ListItem","position":1,"name":"Strona g\u0142\u00f3wna","item":"https:\/\/www.ksiegowy.fr\/"},{"@type":"ListItem","position":2,"name":"Cart"}]},{"@type":"WebSite","@id":"https:\/\/www.ksiegowy.fr\/#website","url":"https:\/\/www.ksiegowy.fr\/","name":"KSI\u0118GOWY WE FRANCJI","description":"Autoryzowane biuro ksi\u0119gowe we Francji partner przedsi\u0119biorc\u00f3w bran\u017cy remontowo-budowlanej bezpiecznie i po polsku Ksi\u0119gowo\u015b\u0107 P\u0142ace Finanse","potentialAction":[{"@type":"SearchAction","target":{"@type":"EntryPoint","urlTemplate":"https:\/\/www.ksiegowy.fr\/?s={search_term_string}"},"query-input":{"@type":"PropertyValueSpecification","valueRequired":true,"valueName":"search_term_string"}}],"inLanguage":"pl-PL"}]}},"_links":{"self":[{"href":"https:\/\/www.ksiegowy.fr\/pl_pl\/wp-json\/wp\/v2\/pages\/646","targetHints":{"allow":["GET"]}}],"collection":[{"href":"https:\/\/www.ksiegowy.fr\/pl_pl\/wp-json\/wp\/v2\/pages"}],"about":[{"href":"https:\/\/www.ksiegowy.fr\/pl_pl\/wp-json\/wp\/v2\/types\/page"}],"author":[{"embeddable":true,"href":"https:\/\/www.ksiegowy.fr\/pl_pl\/wp-json\/wp\/v2\/users\/3"}],"replies":[{"embeddable":true,"href":"https:\/\/www.ksiegowy.fr\/pl_pl\/wp-json\/wp\/v2\/comments?post=646"}],"version-history":[{"count":3,"href":"https:\/\/www.ksiegowy.fr\/pl_pl\/wp-json\/wp\/v2\/pages\/646\/revisions"}],"predecessor-version":[{"id":791,"href":"https:\/\/www.ksiegowy.fr\/pl_pl\/wp-json\/wp\/v2\/pages\/646\/revisions\/791"}],"wp:attachment":[{"href":"https:\/\/www.ksiegowy.fr\/pl_pl\/wp-json\/wp\/v2\/media?parent=646"}],"curies":[{"name":"wp","href":"https:\/\/api.w.org\/{rel}","templated":true}]}}