{"id":441,"date":"2022-05-26T13:18:07","date_gmt":"2022-05-26T11:18:07","guid":{"rendered":"https:\/\/www.ksiegowy.fr\/?page_id=441"},"modified":"2024-11-09T23:46:52","modified_gmt":"2024-11-09T22:46:52","slug":"formularz-wyceny","status":"publish","type":"page","link":"https:\/\/www.ksiegowy.fr\/pl_pl\/formularz-wyceny\/","title":{"rendered":"Formularz wyceny"},"content":{"rendered":"<p>Je\u015bli szukasz dok\u0142adnej i profesjonalnej wyceny us\u0142ug zarz\u0105dzania finansami w swojej firmie, Millenius oferuje kompleksow\u0105 <a target=\"_new\" rel=\"noopener\">wycen\u0119 zarz\u0105dzania<\/a>, dostosowan\u0105 do indywidualnych potrzeb ka\u017cdego przedsi\u0119biorstwa. Nasze us\u0142ugi obejmuj\u0105 zarz\u0105dzanie ksi\u0119gowo\u015bci\u0105, doradztwo podatkowe, planowanie finansowe, a tak\u017ce optymalizacj\u0119 proces\u00f3w, dzi\u0119ki czemu przedsi\u0119biorcy mog\u0105 mie\u0107 pewno\u015b\u0107, \u017ce wszystkie aspekty ich finans\u00f3w s\u0105 odpowiednio zarz\u0105dzane. Oferujemy rzeteln\u0105 wycen\u0119, kt\u00f3ra pozwala firmom podj\u0105\u0107 \u015bwiadom\u0105 decyzj\u0119 o wsp\u00f3\u0142pracy z nami, maj\u0105c pe\u0142n\u0105 przejrzysto\u015b\u0107 koszt\u00f3w i zakresu \u015bwiadczonych us\u0142ug.<\/p>\n<p>Millenius przygotowuje szczeg\u00f3\u0142ow\u0105 <a target=\"_new\" rel=\"noopener\">wycen\u0119 zarz\u0105dzania<\/a>, uwzgl\u0119dniaj\u0105c\u0105 wszystkie niezb\u0119dne us\u0142ugi ksi\u0119gowe oraz wsparcie finansowe, kt\u00f3re s\u0105 niezb\u0119dne do sprawnego zarz\u0105dzania firm\u0105. Nasi specjali\u015bci przeprowadzaj\u0105 dok\u0142adn\u0105 analiz\u0119 Twoich potrzeb i oczekiwa\u0144, a nast\u0119pnie przygotowuj\u0105 ofert\u0119, kt\u00f3ra jest idealnie dopasowana do specyfiki Twojego biznesu. Ka\u017cdy element naszej oferty jest dok\u0142adnie opisany, a nasza wycena jest jasna i przejrzysta, co pozwala na pe\u0142ne zrozumienie zakresu us\u0142ug oraz zwi\u0105zanych z nimi koszt\u00f3w.<\/p>\n<p>Dzi\u0119ki naszej <a target=\"_new\" rel=\"noopener\">wycenie zarz\u0105dzania<\/a>, mo\u017cesz pozna\u0107 szczeg\u00f3\u0142owe koszty zwi\u0105zane z obs\u0142ug\u0105 ksi\u0119gow\u0105 i doradztwem podatkowym w Twojej firmie. Oferujemy pe\u0142en zakres us\u0142ug, od prowadzenia ksi\u0105g rachunkowych, przez przygotowywanie deklaracji podatkowych, a\u017c po doradztwo w zakresie optymalizacji podatkowej. Nasza wycena uwzgl\u0119dnia wszystkie te elementy, daj\u0105c Ci pe\u0142n\u0105 kontrol\u0119 nad kosztami zarz\u0105dzania finansami.<\/p>\n<p>W ramach naszej <a target=\"_new\" rel=\"noopener\">wyceny zarz\u0105dzania<\/a> uwzgl\u0119dniamy r\u00f3wnie\u017c doradztwo w zakresie d\u0142ugoterminowego planowania finansowego oraz strategii optymalizacji proces\u00f3w biznesowych. Dzi\u0119ki temu nasi klienci mog\u0105 nie tylko obni\u017cy\u0107 koszty operacyjne, ale tak\u017ce zoptymalizowa\u0107 spos\u00f3b zarz\u0105dzania przep\u0142ywami finansowymi. Nasza wycena jest kompleksowa i zapewnia przedsi\u0119biorcom pe\u0142n\u0105 elastyczno\u015b\u0107 w dopasowaniu us\u0142ug do ich potrzeb.<\/p>\n<p>Skorzystaj z naszej <a target=\"_new\" rel=\"noopener\">wyceny zarz\u0105dzania<\/a>, by pozna\u0107, jak nasze wsparcie mo\u017ce pom\u00f3c w zarz\u0105dzaniu finansami Twojej firmy. Millenius to partner, kt\u00f3ry oferuje wycen\u0119 us\u0142ug zarz\u0105dzania dostosowan\u0105 do specyficznych potrzeb Twojego biznesu. Dzi\u0119ki naszej wycenie wiesz, za co p\u0142acisz, a us\u0142ugi s\u0105 dostosowane do wymaga\u0144 przedsi\u0119biorstw o r\u00f3\u017cnej skali dzia\u0142alno\u015bci. Bez wzgl\u0119du na to, czy prowadzisz ma\u0142\u0105 firm\u0119, czy du\u017c\u0105 organizacj\u0119, nasze us\u0142ugi zarz\u0105dzania finansami b\u0119d\u0105 dla Ciebie korzystne i pomocne.<\/p>\n","protected":false},"excerpt":{"rendered":"Je\u015bli szukasz dok\u0142adnej i profesjonalnej wyceny us\u0142ug zarz\u0105dzania finansami w swojej firmie, Millenius oferuje kompleksow\u0105&#8230;","protected":false},"author":3,"featured_media":190,"parent":0,"menu_order":0,"comment_status":"closed","ping_status":"closed","template":"","meta":{"_acf_changed":false,"footnotes":""},"class_list":["post-441","page","type-page","status-publish","has-post-thumbnail","hentry"],"acf":[],"yoast_head":"<!-- This site is optimized with the Yoast SEO Premium plugin v23.8 (Yoast SEO v27.4) - https:\/\/yoast.com\/product\/yoast-seo-premium-wordpress\/ -->\n<title>Wycena - KSI\u0118GOWY WE FRANCJI<\/title>\n<meta name=\"description\" content=\"Uzyskaj wycena interesuj\u0105cej Ci\u0119 us\u0142ugi bez wychodzenia z domu, na naszym portalu ksi\u0119gowym ksi\u0119gowy.fr jest to mo\u017cliwe\" \/>\n<meta name=\"robots\" content=\"index, follow, max-snippet:-1, max-image-preview:large, max-video-preview:-1\" \/>\n<link rel=\"canonical\" href=\"https:\/\/www.ksiegowy.fr\/pl_pl\/formularz-wyceny\/\" \/>\n<meta property=\"og:locale\" content=\"pl_PL\" \/>\n<meta property=\"og:type\" content=\"article\" \/>\n<meta property=\"og:title\" content=\"Formularz wyceny\" \/>\n<meta property=\"og:description\" content=\"Uzyskaj wycena interesuj\u0105cej Ci\u0119 us\u0142ugi bez wychodzenia z domu, na naszym portalu ksi\u0119gowym ksi\u0119gowy.fr jest to mo\u017cliwe\" \/>\n<meta property=\"og:url\" content=\"https:\/\/www.ksiegowy.fr\/pl_pl\/formularz-wyceny\/\" \/>\n<meta property=\"og:site_name\" content=\"KSI\u0118GOWY WE FRANCJI\" \/>\n<meta property=\"article:modified_time\" content=\"2024-11-09T22:46:52+00:00\" \/>\n<meta property=\"og:image\" content=\"https:\/\/www.ksiegowy.fr\/wp-content\/uploads\/2022\/05\/biznes-we-francji.jpg\" \/>\n\t<meta property=\"og:image:width\" content=\"1680\" \/>\n\t<meta property=\"og:image:height\" content=\"420\" \/>\n\t<meta property=\"og:image:type\" content=\"image\/jpeg\" \/>\n<meta name=\"twitter:card\" content=\"summary_large_image\" \/>\n<meta name=\"twitter:label1\" content=\"Szacowany czas czytania\" \/>\n\t<meta name=\"twitter:data1\" content=\"1 minuta\" \/>\n<script type=\"application\/ld+json\" class=\"yoast-schema-graph\">{\"@context\":\"https:\\\/\\\/schema.org\",\"@graph\":[{\"@type\":\"WebPage\",\"@id\":\"https:\\\/\\\/www.ksiegowy.fr\\\/formularz-wyceny\\\/\",\"url\":\"https:\\\/\\\/www.ksiegowy.fr\\\/formularz-wyceny\\\/\",\"name\":\"Wycena - KSI\u0118GOWY WE FRANCJI\",\"isPartOf\":{\"@id\":\"https:\\\/\\\/www.ksiegowy.fr\\\/#website\"},\"primaryImageOfPage\":{\"@id\":\"https:\\\/\\\/www.ksiegowy.fr\\\/formularz-wyceny\\\/#primaryimage\"},\"image\":{\"@id\":\"https:\\\/\\\/www.ksiegowy.fr\\\/formularz-wyceny\\\/#primaryimage\"},\"thumbnailUrl\":\"https:\\\/\\\/www.ksiegowy.fr\\\/wp-content\\\/uploads\\\/2022\\\/05\\\/biznes-we-francji.jpg\",\"datePublished\":\"2022-05-26T11:18:07+00:00\",\"dateModified\":\"2024-11-09T22:46:52+00:00\",\"description\":\"Uzyskaj wycena interesuj\u0105cej Ci\u0119 us\u0142ugi bez wychodzenia z domu, na naszym portalu ksi\u0119gowym ksi\u0119gowy.fr jest to mo\u017cliwe\",\"breadcrumb\":{\"@id\":\"https:\\\/\\\/www.ksiegowy.fr\\\/formularz-wyceny\\\/#breadcrumb\"},\"inLanguage\":\"pl-PL\",\"potentialAction\":[{\"@type\":\"ReadAction\",\"target\":[\"https:\\\/\\\/www.ksiegowy.fr\\\/formularz-wyceny\\\/\"]}]},{\"@type\":\"ImageObject\",\"inLanguage\":\"pl-PL\",\"@id\":\"https:\\\/\\\/www.ksiegowy.fr\\\/formularz-wyceny\\\/#primaryimage\",\"url\":\"https:\\\/\\\/www.ksiegowy.fr\\\/wp-content\\\/uploads\\\/2022\\\/05\\\/biznes-we-francji.jpg\",\"contentUrl\":\"https:\\\/\\\/www.ksiegowy.fr\\\/wp-content\\\/uploads\\\/2022\\\/05\\\/biznes-we-francji.jpg\",\"width\":1680,\"height\":420,\"caption\":\"ksi\u0119gowo\u015b\u0107 we Francji\"},{\"@type\":\"BreadcrumbList\",\"@id\":\"https:\\\/\\\/www.ksiegowy.fr\\\/formularz-wyceny\\\/#breadcrumb\",\"itemListElement\":[{\"@type\":\"ListItem\",\"position\":1,\"name\":\"Strona g\u0142\u00f3wna\",\"item\":\"https:\\\/\\\/www.ksiegowy.fr\\\/\"},{\"@type\":\"ListItem\",\"position\":2,\"name\":\"Formularz wyceny\"}]},{\"@type\":\"WebSite\",\"@id\":\"https:\\\/\\\/www.ksiegowy.fr\\\/#website\",\"url\":\"https:\\\/\\\/www.ksiegowy.fr\\\/\",\"name\":\"KSI\u0118GOWY WE FRANCJI\",\"description\":\"Autoryzowane biuro ksi\u0119gowe we Francji partner przedsi\u0119biorc\u00f3w bran\u017cy remontowo-budowlanej bezpiecznie i po polsku Ksi\u0119gowo\u015b\u0107 P\u0142ace Finanse\",\"potentialAction\":[{\"@type\":\"SearchAction\",\"target\":{\"@type\":\"EntryPoint\",\"urlTemplate\":\"https:\\\/\\\/www.ksiegowy.fr\\\/?s={search_term_string}\"},\"query-input\":{\"@type\":\"PropertyValueSpecification\",\"valueRequired\":true,\"valueName\":\"search_term_string\"}}],\"inLanguage\":\"pl-PL\"}]}<\/script>\n<!-- \/ Yoast SEO Premium plugin. -->","yoast_head_json":{"title":"Wycena - KSI\u0118GOWY WE FRANCJI","description":"Uzyskaj wycena interesuj\u0105cej Ci\u0119 us\u0142ugi bez wychodzenia z domu, na naszym portalu ksi\u0119gowym ksi\u0119gowy.fr jest to mo\u017cliwe","robots":{"index":"index","follow":"follow","max-snippet":"max-snippet:-1","max-image-preview":"max-image-preview:large","max-video-preview":"max-video-preview:-1"},"canonical":"https:\/\/www.ksiegowy.fr\/pl_pl\/formularz-wyceny\/","og_locale":"pl_PL","og_type":"article","og_title":"Formularz wyceny","og_description":"Uzyskaj wycena interesuj\u0105cej Ci\u0119 us\u0142ugi bez wychodzenia z domu, na naszym portalu ksi\u0119gowym ksi\u0119gowy.fr jest to mo\u017cliwe","og_url":"https:\/\/www.ksiegowy.fr\/pl_pl\/formularz-wyceny\/","og_site_name":"KSI\u0118GOWY WE FRANCJI","article_modified_time":"2024-11-09T22:46:52+00:00","og_image":[{"width":1680,"height":420,"url":"https:\/\/www.ksiegowy.fr\/wp-content\/uploads\/2022\/05\/biznes-we-francji.jpg","type":"image\/jpeg"}],"twitter_card":"summary_large_image","twitter_misc":{"Szacowany czas czytania":"1 minuta"},"schema":{"@context":"https:\/\/schema.org","@graph":[{"@type":"WebPage","@id":"https:\/\/www.ksiegowy.fr\/formularz-wyceny\/","url":"https:\/\/www.ksiegowy.fr\/formularz-wyceny\/","name":"Wycena - KSI\u0118GOWY WE FRANCJI","isPartOf":{"@id":"https:\/\/www.ksiegowy.fr\/#website"},"primaryImageOfPage":{"@id":"https:\/\/www.ksiegowy.fr\/formularz-wyceny\/#primaryimage"},"image":{"@id":"https:\/\/www.ksiegowy.fr\/formularz-wyceny\/#primaryimage"},"thumbnailUrl":"https:\/\/www.ksiegowy.fr\/wp-content\/uploads\/2022\/05\/biznes-we-francji.jpg","datePublished":"2022-05-26T11:18:07+00:00","dateModified":"2024-11-09T22:46:52+00:00","description":"Uzyskaj wycena interesuj\u0105cej Ci\u0119 us\u0142ugi bez wychodzenia z domu, na naszym portalu ksi\u0119gowym ksi\u0119gowy.fr jest to mo\u017cliwe","breadcrumb":{"@id":"https:\/\/www.ksiegowy.fr\/formularz-wyceny\/#breadcrumb"},"inLanguage":"pl-PL","potentialAction":[{"@type":"ReadAction","target":["https:\/\/www.ksiegowy.fr\/formularz-wyceny\/"]}]},{"@type":"ImageObject","inLanguage":"pl-PL","@id":"https:\/\/www.ksiegowy.fr\/formularz-wyceny\/#primaryimage","url":"https:\/\/www.ksiegowy.fr\/wp-content\/uploads\/2022\/05\/biznes-we-francji.jpg","contentUrl":"https:\/\/www.ksiegowy.fr\/wp-content\/uploads\/2022\/05\/biznes-we-francji.jpg","width":1680,"height":420,"caption":"ksi\u0119gowo\u015b\u0107 we Francji"},{"@type":"BreadcrumbList","@id":"https:\/\/www.ksiegowy.fr\/formularz-wyceny\/#breadcrumb","itemListElement":[{"@type":"ListItem","position":1,"name":"Strona g\u0142\u00f3wna","item":"https:\/\/www.ksiegowy.fr\/"},{"@type":"ListItem","position":2,"name":"Formularz wyceny"}]},{"@type":"WebSite","@id":"https:\/\/www.ksiegowy.fr\/#website","url":"https:\/\/www.ksiegowy.fr\/","name":"KSI\u0118GOWY WE FRANCJI","description":"Autoryzowane biuro ksi\u0119gowe we Francji partner przedsi\u0119biorc\u00f3w bran\u017cy remontowo-budowlanej bezpiecznie i po polsku Ksi\u0119gowo\u015b\u0107 P\u0142ace Finanse","potentialAction":[{"@type":"SearchAction","target":{"@type":"EntryPoint","urlTemplate":"https:\/\/www.ksiegowy.fr\/?s={search_term_string}"},"query-input":{"@type":"PropertyValueSpecification","valueRequired":true,"valueName":"search_term_string"}}],"inLanguage":"pl-PL"}]}},"_links":{"self":[{"href":"https:\/\/www.ksiegowy.fr\/pl_pl\/wp-json\/wp\/v2\/pages\/441","targetHints":{"allow":["GET"]}}],"collection":[{"href":"https:\/\/www.ksiegowy.fr\/pl_pl\/wp-json\/wp\/v2\/pages"}],"about":[{"href":"https:\/\/www.ksiegowy.fr\/pl_pl\/wp-json\/wp\/v2\/types\/page"}],"author":[{"embeddable":true,"href":"https:\/\/www.ksiegowy.fr\/pl_pl\/wp-json\/wp\/v2\/users\/3"}],"replies":[{"embeddable":true,"href":"https:\/\/www.ksiegowy.fr\/pl_pl\/wp-json\/wp\/v2\/comments?post=441"}],"version-history":[{"count":3,"href":"https:\/\/www.ksiegowy.fr\/pl_pl\/wp-json\/wp\/v2\/pages\/441\/revisions"}],"predecessor-version":[{"id":813,"href":"https:\/\/www.ksiegowy.fr\/pl_pl\/wp-json\/wp\/v2\/pages\/441\/revisions\/813"}],"wp:featuredmedia":[{"embeddable":true,"href":"https:\/\/www.ksiegowy.fr\/pl_pl\/wp-json\/wp\/v2\/media\/190"}],"wp:attachment":[{"href":"https:\/\/www.ksiegowy.fr\/pl_pl\/wp-json\/wp\/v2\/media?parent=441"}],"curies":[{"name":"wp","href":"https:\/\/api.w.org\/{rel}","templated":true}]}}