{"id":664,"date":"2023-11-20T13:34:48","date_gmt":"2023-11-20T12:34:48","guid":{"rendered":"https:\/\/www.ksiegowy.fr\/?post_type=product&#038;p=664"},"modified":"2024-04-05T19:27:21","modified_gmt":"2024-04-05T17:27:21","slug":"pomoc-w-wyborze-formy-dzialalnosci-we-francji","status":"publish","type":"product","link":"https:\/\/www.ksiegowy.fr\/fr\/product\/pomoc-w-wyborze-formy-dzialalnosci-we-francji\/","title":{"rendered":"POMOC W WYBORZE FORMY DZIA\u0141ALNO\u015aCI"},"content":{"rendered":"<h3>Kompleksowe doradztwo dla przedsi\u0119biorc\u00f3w pragn\u0105cych za\u0142o\u017cy\u0107 dzia\u0142alno\u015b\u0107 gospodarcz\u0105 we Francji.<\/h3>\n<p>Oferta obejmuje:<\/p>\n<p><strong>1.Doradztwo przy Wyborze Formy Dzia\u0142alno\u015bci:<\/strong><\/p>\n<p>Pomog\u0119 Ci w zrozumieniu r\u00f3\u017cnych form dzia\u0142alno\u015bci dost\u0119pnych we Francji, w tym SARL, SAS, EURL, EI i inne. Przeanalizuj\u0119 Twoje potrzeby biznesowe i doradz\u0119 Ci w wyborze najodpowiedniejszej formy dla Twojej dzia\u0142alno\u015bci.<\/p>\n<p>&nbsp;<\/p>\n<p><strong>2.Doradztwo przy Wyborze Opcji Podatkowej:<\/strong><\/p>\n<p>Przeanalizuje Twoj\u0105 sytuacj\u0119 finansow\u0105 i cele biznesowe, aby zaproponowa\u0107 Ci optymalne rozwi\u0105zania podatkowe.<\/p>\n<p><strong>3.Doradztwo przy Wyborze Statutu Zarz\u0105dcy:<\/strong><\/p>\n<p>Pomog\u0119 Ci zrozumie\u0107 r\u00f3\u017cnice mi\u0119dzy r\u00f3\u017cnymi statutami, takimi jak auto-entrepreneur, g\u00e9rant minoritaire\/majoritaire w SARL, prezes w SAS itp., oraz doradz\u0119 Ci w wyborze najlepszego rozwi\u0105zania zgodnie z Twoimi preferencjami i potrzebami.<\/p>\n<p><strong>4.Konsultacja Stacjonarna:<\/strong><\/p>\n<p>Oferuje jedn\u0105 godzin\u0119 konsultacji stacjonarnej, podczas kt\u00f3rej b\u0119dziesz m\u00f3g\u0142 zadawa\u0107 pytania i uzyskiwa\u0107 szczeg\u00f3\u0142owe odpowiedzi na temat zak\u0142adania i prowadzenia dzia\u0142alno\u015bci gospodarczej we Francji.<\/p>\n<p>&nbsp;<\/p>\n<h4>Skontaktuj si\u0119 z nami ju\u017c dzi\u015b, aby om\u00f3wi\u0107 swoje potrzeby biznesowe i uzyska\u0107 szczeg\u00f3\u0142owe informacje na temat naszych us\u0142ug!<\/h4>","protected":false},"excerpt":{"rendered":"<h3>Kompleksowe doradztwo dla przedsi\u0119biorc\u00f3w pragn\u0105cych za\u0142o\u017cy\u0107 dzia\u0142alno\u015b\u0107 gospodarcz\u0105 we Francji.<\/h3>\r\nOferta obejmuje:\r\n\r\n<strong>1.Doradztwo przy Wyborze Formy Dzia\u0142alno\u015bci:<\/strong>\r\n\r\nPomog\u0119 Ci w zrozumieniu r\u00f3\u017cnych form dzia\u0142alno\u015bci dost\u0119pnych we Francji, w tym SARL, SAS, EURL, EI i inne. Przeanalizuj\u0119 Twoje potrzeby biznesowe i doradz\u0119 Ci w wyborze najodpowiedniejszej formy dla Twojej dzia\u0142alno\u015bci.\r\n\r\n&nbsp;\r\n\r\n<strong>2.Doradztwo przy Wyborze Opcji Podatkowej:<\/strong>\r\n\r\nPrzeanalizuje Twoj\u0105 sytuacj\u0119 finansow\u0105 i cele biznesowe, aby zaproponowa\u0107 Ci optymalne rozwi\u0105zania podatkowe.\r\n\r\n<strong>3.Doradztwo przy Wyborze Statutu Zarz\u0105dcy:<\/strong>\r\n\r\nPomog\u0119 Ci zrozumie\u0107 r\u00f3\u017cnice mi\u0119dzy r\u00f3\u017cnymi statutami, takimi jak auto-entrepreneur, g\u00e9rant minoritaire\/majoritaire w SARL, prezes w SAS itp., oraz doradz\u0119 Ci w wyborze najlepszego rozwi\u0105zania zgodnie z Twoimi preferencjami i potrzebami.\r\n\r\n<strong>4.Konsultacja Stacjonarna:<\/strong>\r\n\r\nOferuje jedn\u0105 godzin\u0119 konsultacji stacjonarnej, podczas kt\u00f3rej b\u0119dziesz m\u00f3g\u0142 zadawa\u0107 pytania i uzyskiwa\u0107 szczeg\u00f3\u0142owe odpowiedzi na temat zak\u0142adania i prowadzenia dzia\u0142alno\u015bci gospodarczej we Francji.\r\n\r\n&nbsp;\r\n<h4>Skontaktuj si\u0119 z nami ju\u017c dzi\u015b, aby om\u00f3wi\u0107 swoje potrzeby biznesowe i uzyska\u0107 szczeg\u00f3\u0142owe informacje na temat naszych us\u0142ug!<\/h4>","protected":false},"featured_media":748,"comment_status":"closed","ping_status":"closed","template":"","meta":{"_acf_changed":false},"product_brand":[],"product_cat":[17],"product_tag":[],"class_list":{"0":"post-664","1":"product","2":"type-product","3":"status-publish","4":"has-post-thumbnail","6":"product_cat-glowna-kategoria","8":"first","9":"instock","10":"virtual","11":"taxable","12":"purchasable","13":"product-type-simple"},"acf":[],"yoast_head":"<!-- This site is optimized with the Yoast SEO Premium plugin v23.8 (Yoast SEO v27.4) - https:\/\/yoast.com\/product\/yoast-seo-premium-wordpress\/ -->\n<title>POMOC W WYBORZE FORMY DZIA\u0141ALNO\u015aCI - KSI\u0118GOWY WE FRANCJI<\/title>\n<meta name=\"description\" content=\"Oferujemy specjalistyczne doradztwo, kt\u00f3re pomo\u017ce Ci dokona\u0107 \u015bwiadomego wyboru i zrealizowa\u0107 swoje przedsi\u0119biorcze cele.\" \/>\n<meta name=\"robots\" content=\"index, follow, max-snippet:-1, max-image-preview:large, max-video-preview:-1\" \/>\n<link rel=\"canonical\" href=\"https:\/\/www.ksiegowy.fr\/fr\/product\/pomoc-w-wyborze-formy-dzialalnosci-we-francji\/\" \/>\n<meta property=\"og:locale\" content=\"fr_FR\" \/>\n<meta property=\"og:type\" content=\"article\" \/>\n<meta property=\"og:title\" content=\"POMOC W WYBORZE FORMY DZIA\u0141ALNO\u015aCI\" \/>\n<meta property=\"og:description\" content=\"Oferujemy specjalistyczne doradztwo, kt\u00f3re pomo\u017ce Ci dokona\u0107 \u015bwiadomego wyboru i zrealizowa\u0107 swoje przedsi\u0119biorcze cele.\" \/>\n<meta property=\"og:url\" content=\"https:\/\/www.ksiegowy.fr\/fr\/product\/pomoc-w-wyborze-formy-dzialalnosci-we-francji\/\" \/>\n<meta property=\"og:site_name\" content=\"KSI\u0118GOWY WE FRANCJI\" \/>\n<meta property=\"article:modified_time\" content=\"2024-04-05T17:27:21+00:00\" \/>\n<meta property=\"og:image\" content=\"https:\/\/www.ksiegowy.fr\/wp-content\/uploads\/2023\/11\/POMOC-W-WYBORZE-.png\" \/>\n\t<meta property=\"og:image:width\" content=\"1080\" \/>\n\t<meta property=\"og:image:height\" content=\"1080\" \/>\n\t<meta property=\"og:image:type\" content=\"image\/png\" \/>\n<meta name=\"twitter:card\" content=\"summary_large_image\" \/>\n<meta name=\"twitter:label1\" content=\"Est. reading time\" \/>\n\t<meta name=\"twitter:data1\" content=\"2 minutes\" \/>\n<script type=\"application\/ld+json\" class=\"yoast-schema-graph\">{\"@context\":\"https:\\\/\\\/schema.org\",\"@graph\":[{\"@type\":\"WebPage\",\"@id\":\"https:\\\/\\\/www.ksiegowy.fr\\\/pl_pl\\\/produkt\\\/pomoc-w-wyborze-formy-dzialalnosci-we-francji\\\/\",\"url\":\"https:\\\/\\\/www.ksiegowy.fr\\\/pl_pl\\\/produkt\\\/pomoc-w-wyborze-formy-dzialalnosci-we-francji\\\/\",\"name\":\"POMOC W WYBORZE FORMY DZIA\u0141ALNO\u015aCI - KSI\u0118GOWY WE FRANCJI\",\"isPartOf\":{\"@id\":\"https:\\\/\\\/www.ksiegowy.fr\\\/#website\"},\"primaryImageOfPage\":{\"@id\":\"https:\\\/\\\/www.ksiegowy.fr\\\/pl_pl\\\/produkt\\\/pomoc-w-wyborze-formy-dzialalnosci-we-francji\\\/#primaryimage\"},\"image\":{\"@id\":\"https:\\\/\\\/www.ksiegowy.fr\\\/pl_pl\\\/produkt\\\/pomoc-w-wyborze-formy-dzialalnosci-we-francji\\\/#primaryimage\"},\"thumbnailUrl\":\"https:\\\/\\\/www.ksiegowy.fr\\\/wp-content\\\/uploads\\\/2023\\\/11\\\/POMOC-W-WYBORZE-.png\",\"datePublished\":\"2023-11-20T12:34:48+00:00\",\"dateModified\":\"2024-04-05T17:27:21+00:00\",\"description\":\"Oferujemy specjalistyczne doradztwo, kt\u00f3re pomo\u017ce Ci dokona\u0107 \u015bwiadomego wyboru i zrealizowa\u0107 swoje przedsi\u0119biorcze cele.\",\"breadcrumb\":{\"@id\":\"https:\\\/\\\/www.ksiegowy.fr\\\/pl_pl\\\/produkt\\\/pomoc-w-wyborze-formy-dzialalnosci-we-francji\\\/#breadcrumb\"},\"inLanguage\":\"fr-FR\",\"potentialAction\":[{\"@type\":\"ReadAction\",\"target\":[\"https:\\\/\\\/www.ksiegowy.fr\\\/pl_pl\\\/produkt\\\/pomoc-w-wyborze-formy-dzialalnosci-we-francji\\\/\"]}]},{\"@type\":\"ImageObject\",\"inLanguage\":\"fr-FR\",\"@id\":\"https:\\\/\\\/www.ksiegowy.fr\\\/pl_pl\\\/produkt\\\/pomoc-w-wyborze-formy-dzialalnosci-we-francji\\\/#primaryimage\",\"url\":\"https:\\\/\\\/www.ksiegowy.fr\\\/wp-content\\\/uploads\\\/2023\\\/11\\\/POMOC-W-WYBORZE-.png\",\"contentUrl\":\"https:\\\/\\\/www.ksiegowy.fr\\\/wp-content\\\/uploads\\\/2023\\\/11\\\/POMOC-W-WYBORZE-.png\",\"width\":1080,\"height\":1080,\"caption\":\"Doradztwo przy Wyborze Formy Dzia\u0142alno\u015bci:\"},{\"@type\":\"BreadcrumbList\",\"@id\":\"https:\\\/\\\/www.ksiegowy.fr\\\/pl_pl\\\/produkt\\\/pomoc-w-wyborze-formy-dzialalnosci-we-francji\\\/#breadcrumb\",\"itemListElement\":[{\"@type\":\"ListItem\",\"position\":1,\"name\":\"Strona g\u0142\u00f3wna\",\"item\":\"https:\\\/\\\/www.ksiegowy.fr\\\/\"},{\"@type\":\"ListItem\",\"position\":2,\"name\":\"POMOC W WYBORZE FORMY DZIA\u0141ALNO\u015aCI\"}]},{\"@type\":\"WebSite\",\"@id\":\"https:\\\/\\\/www.ksiegowy.fr\\\/#website\",\"url\":\"https:\\\/\\\/www.ksiegowy.fr\\\/\",\"name\":\"KSI\u0118GOWY WE FRANCJI\",\"description\":\"Autoryzowane biuro ksi\u0119gowe we Francji partner przedsi\u0119biorc\u00f3w bran\u017cy remontowo-budowlanej bezpiecznie i po polsku Ksi\u0119gowo\u015b\u0107 P\u0142ace Finanse\",\"potentialAction\":[{\"@type\":\"SearchAction\",\"target\":{\"@type\":\"EntryPoint\",\"urlTemplate\":\"https:\\\/\\\/www.ksiegowy.fr\\\/?s={search_term_string}\"},\"query-input\":{\"@type\":\"PropertyValueSpecification\",\"valueRequired\":true,\"valueName\":\"search_term_string\"}}],\"inLanguage\":\"fr-FR\"}]}<\/script>\n<!-- \/ Yoast SEO Premium plugin. -->","yoast_head_json":{"title":"POMOC W WYBORZE FORMY DZIA\u0141ALNO\u015aCI - KSI\u0118GOWY WE FRANCJI","description":"Oferujemy specjalistyczne doradztwo, kt\u00f3re pomo\u017ce Ci dokona\u0107 \u015bwiadomego wyboru i zrealizowa\u0107 swoje przedsi\u0119biorcze cele.","robots":{"index":"index","follow":"follow","max-snippet":"max-snippet:-1","max-image-preview":"max-image-preview:large","max-video-preview":"max-video-preview:-1"},"canonical":"https:\/\/www.ksiegowy.fr\/fr\/product\/pomoc-w-wyborze-formy-dzialalnosci-we-francji\/","og_locale":"fr_FR","og_type":"article","og_title":"POMOC W WYBORZE FORMY DZIA\u0141ALNO\u015aCI","og_description":"Oferujemy specjalistyczne doradztwo, kt\u00f3re pomo\u017ce Ci dokona\u0107 \u015bwiadomego wyboru i zrealizowa\u0107 swoje przedsi\u0119biorcze cele.","og_url":"https:\/\/www.ksiegowy.fr\/fr\/product\/pomoc-w-wyborze-formy-dzialalnosci-we-francji\/","og_site_name":"KSI\u0118GOWY WE FRANCJI","article_modified_time":"2024-04-05T17:27:21+00:00","og_image":[{"width":1080,"height":1080,"url":"https:\/\/www.ksiegowy.fr\/wp-content\/uploads\/2023\/11\/POMOC-W-WYBORZE-.png","type":"image\/png"}],"twitter_card":"summary_large_image","twitter_misc":{"Est. reading time":"2 minutes"},"schema":{"@context":"https:\/\/schema.org","@graph":[{"@type":"WebPage","@id":"https:\/\/www.ksiegowy.fr\/pl_pl\/produkt\/pomoc-w-wyborze-formy-dzialalnosci-we-francji\/","url":"https:\/\/www.ksiegowy.fr\/pl_pl\/produkt\/pomoc-w-wyborze-formy-dzialalnosci-we-francji\/","name":"POMOC W WYBORZE FORMY DZIA\u0141ALNO\u015aCI - KSI\u0118GOWY WE FRANCJI","isPartOf":{"@id":"https:\/\/www.ksiegowy.fr\/#website"},"primaryImageOfPage":{"@id":"https:\/\/www.ksiegowy.fr\/pl_pl\/produkt\/pomoc-w-wyborze-formy-dzialalnosci-we-francji\/#primaryimage"},"image":{"@id":"https:\/\/www.ksiegowy.fr\/pl_pl\/produkt\/pomoc-w-wyborze-formy-dzialalnosci-we-francji\/#primaryimage"},"thumbnailUrl":"https:\/\/www.ksiegowy.fr\/wp-content\/uploads\/2023\/11\/POMOC-W-WYBORZE-.png","datePublished":"2023-11-20T12:34:48+00:00","dateModified":"2024-04-05T17:27:21+00:00","description":"Oferujemy specjalistyczne doradztwo, kt\u00f3re pomo\u017ce Ci dokona\u0107 \u015bwiadomego wyboru i zrealizowa\u0107 swoje przedsi\u0119biorcze cele.","breadcrumb":{"@id":"https:\/\/www.ksiegowy.fr\/pl_pl\/produkt\/pomoc-w-wyborze-formy-dzialalnosci-we-francji\/#breadcrumb"},"inLanguage":"fr-FR","potentialAction":[{"@type":"ReadAction","target":["https:\/\/www.ksiegowy.fr\/pl_pl\/produkt\/pomoc-w-wyborze-formy-dzialalnosci-we-francji\/"]}]},{"@type":"ImageObject","inLanguage":"fr-FR","@id":"https:\/\/www.ksiegowy.fr\/pl_pl\/produkt\/pomoc-w-wyborze-formy-dzialalnosci-we-francji\/#primaryimage","url":"https:\/\/www.ksiegowy.fr\/wp-content\/uploads\/2023\/11\/POMOC-W-WYBORZE-.png","contentUrl":"https:\/\/www.ksiegowy.fr\/wp-content\/uploads\/2023\/11\/POMOC-W-WYBORZE-.png","width":1080,"height":1080,"caption":"Doradztwo przy Wyborze Formy Dzia\u0142alno\u015bci:"},{"@type":"BreadcrumbList","@id":"https:\/\/www.ksiegowy.fr\/pl_pl\/produkt\/pomoc-w-wyborze-formy-dzialalnosci-we-francji\/#breadcrumb","itemListElement":[{"@type":"ListItem","position":1,"name":"Strona g\u0142\u00f3wna","item":"https:\/\/www.ksiegowy.fr\/"},{"@type":"ListItem","position":2,"name":"POMOC W WYBORZE FORMY DZIA\u0141ALNO\u015aCI"}]},{"@type":"WebSite","@id":"https:\/\/www.ksiegowy.fr\/#website","url":"https:\/\/www.ksiegowy.fr\/","name":"KSI\u0118GOWY WE FRANCJI","description":"Autoryzowane biuro ksi\u0119gowe we Francji partner przedsi\u0119biorc\u00f3w bran\u017cy remontowo-budowlanej bezpiecznie i po polsku Ksi\u0119gowo\u015b\u0107 P\u0142ace Finanse","potentialAction":[{"@type":"SearchAction","target":{"@type":"EntryPoint","urlTemplate":"https:\/\/www.ksiegowy.fr\/?s={search_term_string}"},"query-input":{"@type":"PropertyValueSpecification","valueRequired":true,"valueName":"search_term_string"}}],"inLanguage":"fr-FR"}]}},"_links":{"self":[{"href":"https:\/\/www.ksiegowy.fr\/fr\/wp-json\/wp\/v2\/product\/664","targetHints":{"allow":["GET"]}}],"collection":[{"href":"https:\/\/www.ksiegowy.fr\/fr\/wp-json\/wp\/v2\/product"}],"about":[{"href":"https:\/\/www.ksiegowy.fr\/fr\/wp-json\/wp\/v2\/types\/product"}],"replies":[{"embeddable":true,"href":"https:\/\/www.ksiegowy.fr\/fr\/wp-json\/wp\/v2\/comments?post=664"}],"wp:featuredmedia":[{"embeddable":true,"href":"https:\/\/www.ksiegowy.fr\/fr\/wp-json\/wp\/v2\/media\/748"}],"wp:attachment":[{"href":"https:\/\/www.ksiegowy.fr\/fr\/wp-json\/wp\/v2\/media?parent=664"}],"wp:term":[{"taxonomy":"product_brand","embeddable":true,"href":"https:\/\/www.ksiegowy.fr\/fr\/wp-json\/wp\/v2\/product_brand?post=664"},{"taxonomy":"product_cat","embeddable":true,"href":"https:\/\/www.ksiegowy.fr\/fr\/wp-json\/wp\/v2\/product_cat?post=664"},{"taxonomy":"product_tag","embeddable":true,"href":"https:\/\/www.ksiegowy.fr\/fr\/wp-json\/wp\/v2\/product_tag?post=664"}],"curies":[{"name":"wp","href":"https:\/\/api.w.org\/{rel}","templated":true}]}}