{"id":641,"date":"2023-11-20T12:44:04","date_gmt":"2023-11-20T11:44:04","guid":{"rendered":"https:\/\/www.ksiegowy.fr\/?page_id=641"},"modified":"2024-11-09T23:37:20","modified_gmt":"2024-11-09T22:37:20","slug":"sklep","status":"publish","type":"page","link":"https:\/\/www.ksiegowy.fr\/fr\/sklep\/","title":{"rendered":"Sklep"},"content":{"rendered":"<p>Je\u015bli szukasz profesjonalnych rozwi\u0105za\u0144 ksi\u0119gowych online, Millenius przygotowa\u0142o dla Ciebie specjalny <a target=\"_new\" rel=\"noopener\">sklep<\/a>, w kt\u00f3rym znajdziesz us\u0142ugi dostosowane do potrzeb Twojej firmy. Nasz <a target=\"_new\" rel=\"noopener\">sklep<\/a> oferuje szeroki wyb\u00f3r produkt\u00f3w i us\u0142ug, takich jak oprogramowanie ksi\u0119gowe, us\u0142ugi doradztwa podatkowego, a tak\u017ce kompleksow\u0105 obs\u0142ug\u0119 kadrowo-p\u0142acow\u0105. Dzi\u0119ki naszym rozwi\u0105zaniom, mo\u017cesz \u0142atwo zarz\u0105dza\u0107 finansami swojej firmy, bez konieczno\u015bci anga\u017cowania si\u0119 w skomplikowane procesy ksi\u0119gowe.<\/p>\n<p>W <a target=\"_new\" rel=\"noopener\">sklepie<\/a> Millenius znajdziesz produkty, kt\u00f3re umo\u017cliwi\u0105 Ci prowadzenie ksi\u0119gowo\u015bci zgodnie z obowi\u0105zuj\u0105cymi przepisami prawa. Oferujemy tak\u017ce narz\u0119dzia, kt\u00f3re pomog\u0105 Ci w optymalizacji proces\u00f3w biznesowych, takich jak aplikacje do fakturowania, analizy finansowe i inne us\u0142ugi wspieraj\u0105ce codzienne funkcjonowanie firmy. Nasz <a target=\"_new\" rel=\"noopener\">sklep<\/a> to idealne miejsce dla przedsi\u0119biorc\u00f3w, kt\u00f3rzy ceni\u0105 sobie wygod\u0119 i profesjonalizm w zarz\u0105dzaniu finansami.<\/p>\n<p>Millenius to biuro ksi\u0119gowe, kt\u00f3re \u0142\u0105czy tradycyjne metody z nowoczesnymi rozwi\u0105zaniami. Nasz <a target=\"_new\" rel=\"noopener\">sklep<\/a> online to wygodne miejsce, w kt\u00f3rym znajdziesz us\u0142ugi ksi\u0119gowe, kt\u00f3re mo\u017cna zam\u00f3wi\u0107 bez wychodzenia z domu. Nasz <a target=\"_new\" rel=\"noopener\">sklep<\/a> to tak\u017ce platforma, na kt\u00f3rej mo\u017cesz kupi\u0107 us\u0142ugi doradcze, kt\u00f3re pomog\u0105 Ci w zarz\u0105dzaniu podatkami i ksi\u0119gowo\u015bci\u0105 w Twojej firmie.<\/p>\n<p>Dzi\u0119ki <a target=\"_new\" rel=\"noopener\">sklepowi<\/a> Millenius masz dost\u0119p do kompleksowych us\u0142ug ksi\u0119gowych, kt\u00f3re dostosowane s\u0105 do indywidualnych potrzeb ka\u017cdej firmy. Nasz <a target=\"_new\" rel=\"noopener\">sklep<\/a> oferuje r\u00f3wnie\u017c produkty wspieraj\u0105ce zarz\u0105dzanie dokumentami, fakturowaniem, a tak\u017ce zapewniaj\u0105ce pe\u0142n\u0105 zgodno\u015b\u0107 z przepisami prawa. Dzi\u0119ki Millenius \u0142atwiej zadbasz o kwestie finansowe swojej firmy.<\/p>\n<p>Skorzystaj z naszego <a target=\"_new\" rel=\"noopener\">sklepu<\/a> i zapoznaj si\u0119 z ofert\u0105, kt\u00f3ra pomo\u017ce Ci w codziennej pracy ksi\u0119gowej. Millenius to biuro ksi\u0119gowe, kt\u00f3re oferuje pe\u0142ne wsparcie, dostosowane do r\u00f3\u017cnych bran\u017c i rozmiar\u00f3w firm. Dzi\u0119ki naszym produktom i us\u0142ugom dost\u0119pnych w <a target=\"_new\" rel=\"noopener\">sklepie<\/a>, mo\u017cesz skupi\u0107 si\u0119 na rozwoju swojego biznesu, maj\u0105c pewno\u015b\u0107, \u017ce kwestie ksi\u0119gowe s\u0105 profesjonalnie obs\u0142ugiwane.<\/p>","protected":false},"excerpt":{"rendered":"Je\u015bli szukasz profesjonalnych rozwi\u0105za\u0144 ksi\u0119gowych online, Millenius przygotowa\u0142o dla Ciebie specjalny sklep, w kt\u00f3rym znajdziesz&#8230;","protected":false},"author":3,"featured_media":0,"parent":0,"menu_order":0,"comment_status":"closed","ping_status":"closed","template":"","meta":{"_acf_changed":false,"footnotes":""},"class_list":["post-641","page","type-page","status-publish","hentry"],"acf":[],"yoast_head":"<!-- This site is optimized with the Yoast SEO Premium plugin v23.8 (Yoast SEO v27.4) - https:\/\/yoast.com\/product\/yoast-seo-premium-wordpress\/ -->\n<title>Sklep - KSI\u0118GOWY WE FRANCJI<\/title>\n<meta name=\"description\" content=\"W naszym sklep zakupisz us\u0142ugi kt\u00f3re mog\u0105 ci\u0119 zainteresowa\u0107, zwi\u0105zane z ksi\u0119gowo\u015bci\u0105 w Polsce i Francji dotycz\u0105ce r\u00f3\u017cnych bran\u017c\" \/>\n<meta name=\"robots\" content=\"index, follow, max-snippet:-1, max-image-preview:large, max-video-preview:-1\" \/>\n<link rel=\"canonical\" href=\"https:\/\/www.ksiegowy.fr\/fr\/sklep\/\" \/>\n<meta property=\"og:locale\" content=\"fr_FR\" \/>\n<meta property=\"og:type\" content=\"article\" \/>\n<meta property=\"og:title\" content=\"Sklep\" \/>\n<meta property=\"og:description\" content=\"W naszym sklep zakupisz us\u0142ugi kt\u00f3re mog\u0105 ci\u0119 zainteresowa\u0107, zwi\u0105zane z ksi\u0119gowo\u015bci\u0105 w Polsce i Francji dotycz\u0105ce r\u00f3\u017cnych bran\u017c\" \/>\n<meta property=\"og:url\" content=\"https:\/\/www.ksiegowy.fr\/fr\/sklep\/\" \/>\n<meta property=\"og:site_name\" content=\"KSI\u0118GOWY WE FRANCJI\" \/>\n<meta property=\"article:modified_time\" content=\"2024-11-09T22:37:20+00:00\" \/>\n<meta name=\"twitter:card\" content=\"summary_large_image\" \/>\n<script type=\"application\/ld+json\" class=\"yoast-schema-graph\">{\"@context\":\"https:\\\/\\\/schema.org\",\"@graph\":[{\"@type\":\"WebPage\",\"@id\":\"https:\\\/\\\/www.ksiegowy.fr\\\/sklep\\\/\",\"url\":\"https:\\\/\\\/www.ksiegowy.fr\\\/sklep\\\/\",\"name\":\"Sklep - KSI\u0118GOWY WE FRANCJI\",\"isPartOf\":{\"@id\":\"https:\\\/\\\/www.ksiegowy.fr\\\/#website\"},\"datePublished\":\"2023-11-20T11:44:04+00:00\",\"dateModified\":\"2024-11-09T22:37:20+00:00\",\"description\":\"W naszym sklep zakupisz us\u0142ugi kt\u00f3re mog\u0105 ci\u0119 zainteresowa\u0107, zwi\u0105zane z ksi\u0119gowo\u015bci\u0105 w Polsce i Francji dotycz\u0105ce r\u00f3\u017cnych bran\u017c\",\"breadcrumb\":{\"@id\":\"https:\\\/\\\/www.ksiegowy.fr\\\/sklep\\\/#breadcrumb\"},\"inLanguage\":\"fr-FR\",\"potentialAction\":[{\"@type\":\"ReadAction\",\"target\":[\"https:\\\/\\\/www.ksiegowy.fr\\\/sklep\\\/\"]}]},{\"@type\":\"BreadcrumbList\",\"@id\":\"https:\\\/\\\/www.ksiegowy.fr\\\/sklep\\\/#breadcrumb\",\"itemListElement\":[{\"@type\":\"ListItem\",\"position\":1,\"name\":\"Strona g\u0142\u00f3wna\",\"item\":\"https:\\\/\\\/www.ksiegowy.fr\\\/\"},{\"@type\":\"ListItem\",\"position\":2,\"name\":\"Sklep\"}]},{\"@type\":\"WebSite\",\"@id\":\"https:\\\/\\\/www.ksiegowy.fr\\\/#website\",\"url\":\"https:\\\/\\\/www.ksiegowy.fr\\\/\",\"name\":\"KSI\u0118GOWY WE FRANCJI\",\"description\":\"Autoryzowane biuro ksi\u0119gowe we Francji partner przedsi\u0119biorc\u00f3w bran\u017cy remontowo-budowlanej bezpiecznie i po polsku Ksi\u0119gowo\u015b\u0107 P\u0142ace Finanse\",\"potentialAction\":[{\"@type\":\"SearchAction\",\"target\":{\"@type\":\"EntryPoint\",\"urlTemplate\":\"https:\\\/\\\/www.ksiegowy.fr\\\/?s={search_term_string}\"},\"query-input\":{\"@type\":\"PropertyValueSpecification\",\"valueRequired\":true,\"valueName\":\"search_term_string\"}}],\"inLanguage\":\"fr-FR\"}]}<\/script>\n<!-- \/ Yoast SEO Premium plugin. -->","yoast_head_json":{"title":"Sklep - KSI\u0118GOWY WE FRANCJI","description":"W naszym sklep zakupisz us\u0142ugi kt\u00f3re mog\u0105 ci\u0119 zainteresowa\u0107, zwi\u0105zane z ksi\u0119gowo\u015bci\u0105 w Polsce i Francji dotycz\u0105ce r\u00f3\u017cnych bran\u017c","robots":{"index":"index","follow":"follow","max-snippet":"max-snippet:-1","max-image-preview":"max-image-preview:large","max-video-preview":"max-video-preview:-1"},"canonical":"https:\/\/www.ksiegowy.fr\/fr\/sklep\/","og_locale":"fr_FR","og_type":"article","og_title":"Sklep","og_description":"W naszym sklep zakupisz us\u0142ugi kt\u00f3re mog\u0105 ci\u0119 zainteresowa\u0107, zwi\u0105zane z ksi\u0119gowo\u015bci\u0105 w Polsce i Francji dotycz\u0105ce r\u00f3\u017cnych bran\u017c","og_url":"https:\/\/www.ksiegowy.fr\/fr\/sklep\/","og_site_name":"KSI\u0118GOWY WE FRANCJI","article_modified_time":"2024-11-09T22:37:20+00:00","twitter_card":"summary_large_image","schema":{"@context":"https:\/\/schema.org","@graph":[{"@type":"WebPage","@id":"https:\/\/www.ksiegowy.fr\/sklep\/","url":"https:\/\/www.ksiegowy.fr\/sklep\/","name":"Sklep - KSI\u0118GOWY WE FRANCJI","isPartOf":{"@id":"https:\/\/www.ksiegowy.fr\/#website"},"datePublished":"2023-11-20T11:44:04+00:00","dateModified":"2024-11-09T22:37:20+00:00","description":"W naszym sklep zakupisz us\u0142ugi kt\u00f3re mog\u0105 ci\u0119 zainteresowa\u0107, zwi\u0105zane z ksi\u0119gowo\u015bci\u0105 w Polsce i Francji dotycz\u0105ce r\u00f3\u017cnych bran\u017c","breadcrumb":{"@id":"https:\/\/www.ksiegowy.fr\/sklep\/#breadcrumb"},"inLanguage":"fr-FR","potentialAction":[{"@type":"ReadAction","target":["https:\/\/www.ksiegowy.fr\/sklep\/"]}]},{"@type":"BreadcrumbList","@id":"https:\/\/www.ksiegowy.fr\/sklep\/#breadcrumb","itemListElement":[{"@type":"ListItem","position":1,"name":"Strona g\u0142\u00f3wna","item":"https:\/\/www.ksiegowy.fr\/"},{"@type":"ListItem","position":2,"name":"Sklep"}]},{"@type":"WebSite","@id":"https:\/\/www.ksiegowy.fr\/#website","url":"https:\/\/www.ksiegowy.fr\/","name":"KSI\u0118GOWY WE FRANCJI","description":"Autoryzowane biuro ksi\u0119gowe we Francji partner przedsi\u0119biorc\u00f3w bran\u017cy remontowo-budowlanej bezpiecznie i po polsku Ksi\u0119gowo\u015b\u0107 P\u0142ace Finanse","potentialAction":[{"@type":"SearchAction","target":{"@type":"EntryPoint","urlTemplate":"https:\/\/www.ksiegowy.fr\/?s={search_term_string}"},"query-input":{"@type":"PropertyValueSpecification","valueRequired":true,"valueName":"search_term_string"}}],"inLanguage":"fr-FR"}]}},"_links":{"self":[{"href":"https:\/\/www.ksiegowy.fr\/fr\/wp-json\/wp\/v2\/pages\/641","targetHints":{"allow":["GET"]}}],"collection":[{"href":"https:\/\/www.ksiegowy.fr\/fr\/wp-json\/wp\/v2\/pages"}],"about":[{"href":"https:\/\/www.ksiegowy.fr\/fr\/wp-json\/wp\/v2\/types\/page"}],"author":[{"embeddable":true,"href":"https:\/\/www.ksiegowy.fr\/fr\/wp-json\/wp\/v2\/users\/3"}],"replies":[{"embeddable":true,"href":"https:\/\/www.ksiegowy.fr\/fr\/wp-json\/wp\/v2\/comments?post=641"}],"version-history":[{"count":7,"href":"https:\/\/www.ksiegowy.fr\/fr\/wp-json\/wp\/v2\/pages\/641\/revisions"}],"predecessor-version":[{"id":807,"href":"https:\/\/www.ksiegowy.fr\/fr\/wp-json\/wp\/v2\/pages\/641\/revisions\/807"}],"wp:attachment":[{"href":"https:\/\/www.ksiegowy.fr\/fr\/wp-json\/wp\/v2\/media?parent=641"}],"curies":[{"name":"wp","href":"https:\/\/api.w.org\/{rel}","templated":true}]}}