{"id":145,"date":"2022-05-17T17:22:02","date_gmt":"2022-05-17T15:22:02","guid":{"rendered":"https:\/\/ksiegowy.fr\/?page_id=145"},"modified":"2024-11-09T23:28:48","modified_gmt":"2024-11-09T22:28:48","slug":"oferta-ksiegowosc","status":"publish","type":"page","link":"https:\/\/www.ksiegowy.fr\/fr\/uslugi\/oferta-ksiegowosc\/","title":{"rendered":"Oferta ksi\u0119gowo\u015b\u0107"},"content":{"rendered":"<div class=\"flex max-w-full flex-col flex-grow\">\n<div class=\"min-h-8 text-message flex w-full flex-col items-end gap-2 whitespace-normal break-words [.text-message+&amp;]:mt-5\" dir=\"auto\" data-message-author-role=\"assistant\" data-message-id=\"3bf20948-1a18-4004-9644-f5de462a1e47\" data-message-model-slug=\"gpt-4o-mini\">\n<div class=\"flex w-full flex-col gap-1 empty:hidden first:pt-[3px]\">\n<div class=\"markdown prose w-full break-words dark:prose-invert dark\">\n<div class=\"flex max-w-full flex-col flex-grow\">\n<div class=\"min-h-8 text-message flex w-full flex-col items-end gap-2 whitespace-normal break-words [.text-message+&amp;]:mt-5\" dir=\"auto\" data-message-author-role=\"assistant\" data-message-id=\"3bf20948-1a18-4004-9644-f5de462a1e47\" data-message-model-slug=\"gpt-4o-mini\">\n<div class=\"flex w-full flex-col gap-1 empty:hidden first:pt-[3px]\">\n<div class=\"markdown prose w-full break-words dark:prose-invert dark\">\n<p>Je\u015bli szukasz profesjonalnej obs\u0142ugi ksi\u0119gowej, Millenius ma dla Ciebie kompleksow\u0105 <a target=\"_new\" rel=\"noopener\">ofert\u0119 ksi\u0119gowo\u015b\u0107<\/a>, kt\u00f3ra spe\u0142ni potrzeby Twojej firmy. Oferujemy pe\u0142en zakres us\u0142ug ksi\u0119gowych, od rozlicze\u0144 podatkowych, przez prowadzenie ksi\u0105g rachunkowych, a\u017c po kompleksow\u0105 obs\u0142ug\u0119 kadrowo-p\u0142acow\u0105. Nasza oferta jest dostosowana do r\u00f3\u017cnych bran\u017c i wielko\u015bci firm, a nasz zesp\u00f3\u0142 ekspert\u00f3w zadba o to, aby Twoje finanse by\u0142y zawsze w porz\u0105dku. Millenius to biuro ksi\u0119gowe, kt\u00f3re \u0142\u0105czy wiedz\u0119, do\u015bwiadczenie i nowoczesne technologie, by wspiera\u0107 rozw\u00f3j Twojego biznesu.<\/p>\n<p>Skontaktuj si\u0119 z Millenius, aby pozna\u0107 szczeg\u00f3\u0142y naszej <a target=\"_new\" rel=\"noopener\">oferty ksi\u0119gowo\u015b\u0107<\/a>\u00a0i dowiedzie\u0107 si\u0119, jak mo\u017cemy pom\u00f3c w uproszczeniu proces\u00f3w finansowych w Twojej firmie. Oferujemy elastyczne rozwi\u0105zania, kt\u00f3re odpowiadaj\u0105 na indywidualne potrzeby naszych klient\u00f3w. Dzi\u0119ki nam, masz pewno\u015b\u0107, \u017ce Twoje sprawy ksi\u0119gowe s\u0105 prowadzone zgodnie z obowi\u0105zuj\u0105cymi przepisami i bez zb\u0119dnego stresu.<\/p>\n<p>Millenius oferuje kompleksow\u0105 obs\u0142ug\u0119 ksi\u0119gow\u0105, kt\u00f3ra obejmuje <a target=\"_new\" rel=\"noopener\">prowadzenie ksi\u0105g rachunkowych<\/a>, przygotowanie deklaracji podatkowych, audyt finansowy oraz doradztwo podatkowe. Nasza oferta jest dostosowana do potrzeb ma\u0142ych, \u015brednich oraz du\u017cych przedsi\u0119biorstw, a nasz zesp\u00f3\u0142 ksi\u0119gowych zapewni Ci profesjonaln\u0105 obs\u0142ug\u0119 na ka\u017cdym etapie dzia\u0142alno\u015bci firmy. Dzi\u0119ki naszemu do\u015bwiadczeniu w bran\u017cy mo\u017cesz skupi\u0107 si\u0119 na rozwoju biznesu, a my zadbamy o reszt\u0119.<\/p>\n<p>W Millenius stawiamy na transparentno\u015b\u0107 i prostot\u0119. Nasza <a target=\"_new\" rel=\"noopener\">oferta ksi\u0119gowo\u015b\u0107<\/a>\u00a0jest przejrzysta, a ceny us\u0142ug dostosowane do rozmiaru Twojej firmy. Jako eksperci w swojej dziedzinie, pomagamy naszym klientom w prowadzeniu pe\u0142nej ksi\u0119gowo\u015bci, rozliczeniach VAT, PIT, CIT oraz innych formalno\u015bciach zwi\u0105zanych z obs\u0142ug\u0105 finansow\u0105. Millenius to biuro, kt\u00f3re z pasj\u0105 dba o finanse swoich klient\u00f3w, oferuj\u0105c us\u0142ugi ksi\u0119gowe na najwy\u017cszym poziomie.<\/p>\n<p>Zach\u0119camy do zapoznania si\u0119 z nasz\u0105 <a target=\"_new\" rel=\"noopener\">ofert\u0105 ksi\u0119gowo\u015bci<\/a>, aby dowiedzie\u0107 si\u0119, jak nasze us\u0142ugi mog\u0105 usprawni\u0107 procesy finansowe w Twojej firmie. Dzi\u0119ki Millenius zyskasz wi\u0119cej czasu na rozw\u00f3j biznesu, a my zadbamy o to, by Twoje finanse by\u0142y w pe\u0142ni zgodne z obowi\u0105zuj\u0105cymi przepisami prawa. Oferujemy wszechstronn\u0105 pomoc ksi\u0119gow\u0105 i podatkow\u0105, dostosowan\u0105 do indywidualnych potrzeb naszych klient\u00f3w.<\/p>\n<p>Skontaktuj si\u0119 z Millenius, aby pozna\u0107 nasz\u0105 szczeg\u00f3\u0142ow\u0105 <a target=\"_new\" rel=\"noopener\">ofert\u0119 ksi\u0119gowo\u015bci<\/a>. Nasz zesp\u00f3\u0142 specjalist\u00f3w pomo\u017ce Ci wybra\u0107 odpowiednie rozwi\u0105zania ksi\u0119gowe i podatkowe, kt\u00f3re pozwol\u0105 Twojej firmie dzia\u0142a\u0107 efektywnie i bezpiecznie w zmieniaj\u0105cym si\u0119 otoczeniu prawnym i finansowym.<\/p>\n<\/div>\n<\/div>\n<\/div>\n<\/div>\n<div class=\"mb-2 flex gap-3 empty:hidden -ml-2\">\n<div class=\"items-center justify-start rounded-xl p-1 flex\">\n<div class=\"flex items-center\"><button class=\"rounded-lg text-token-text-secondary hover:bg-token-main-surface-secondary\" aria-label=\"Read aloud\" data-testid=\"voice-play-turn-action-button\"><\/button><button class=\"rounded-lg text-token-text-secondary hover:bg-token-main-surface-secondary\" aria-label=\"Kopiuj\" data-testid=\"copy-turn-action-button\"><\/button><\/p>\n<div class=\"flex\"><\/div>\n<div class=\"flex items-center pb-0\"><\/div>\n<\/div>\n<\/div>\n<\/div>\n<\/div>\n<\/div>\n<\/div>\n<\/div>\n","protected":false},"excerpt":{"rendered":"Je\u015bli szukasz profesjonalnej obs\u0142ugi ksi\u0119gowej, Millenius ma dla Ciebie kompleksow\u0105 ofert\u0119 ksi\u0119gowo\u015b\u0107, kt\u00f3ra spe\u0142ni potrzeby&#8230;","protected":false},"author":3,"featured_media":190,"parent":158,"menu_order":0,"comment_status":"closed","ping_status":"closed","template":"","meta":{"_acf_changed":false,"footnotes":""},"class_list":["post-145","page","type-page","status-publish","has-post-thumbnail","hentry"],"acf":[],"yoast_head":"<!-- This site is optimized with the Yoast SEO Premium plugin v23.8 (Yoast SEO v27.4) - https:\/\/yoast.com\/product\/yoast-seo-premium-wordpress\/ -->\n<title>ksi\u0119gowo\u015b\u0107 - KSI\u0118GOWY WE FRANCJI<\/title>\n<meta name=\"description\" content=\"Autoryzowane biuro ksi\u0119gowo\u015b\u0107 oferuj\u0105ce us\u0142ugi w Pary\u017cu i okolicach Le V\u00e9sinet. Specjalizujemy si\u0119 w pe\u0142nej ksi\u0119gowo\u015bci oraz bilansu.\" \/>\n<meta name=\"robots\" content=\"index, follow, max-snippet:-1, max-image-preview:large, max-video-preview:-1\" \/>\n<link rel=\"canonical\" href=\"https:\/\/www.ksiegowy.fr\/fr\/uslugi\/oferta-ksiegowosc\/\" \/>\n<meta property=\"og:locale\" content=\"fr_FR\" \/>\n<meta property=\"og:type\" content=\"article\" \/>\n<meta property=\"og:title\" content=\"Oferta ksi\u0119gowo\u015b\u0107\" \/>\n<meta property=\"og:description\" content=\"Autoryzowane biuro ksi\u0119gowo\u015b\u0107 oferuj\u0105ce us\u0142ugi w Pary\u017cu i okolicach Le V\u00e9sinet. Specjalizujemy si\u0119 w pe\u0142nej ksi\u0119gowo\u015bci oraz bilansu.\" \/>\n<meta property=\"og:url\" content=\"https:\/\/www.ksiegowy.fr\/fr\/uslugi\/oferta-ksiegowosc\/\" \/>\n<meta property=\"og:site_name\" content=\"KSI\u0118GOWY WE FRANCJI\" \/>\n<meta property=\"article:modified_time\" content=\"2024-11-09T22:28:48+00:00\" \/>\n<meta property=\"og:image\" content=\"https:\/\/www.ksiegowy.fr\/wp-content\/uploads\/2022\/05\/biznes-we-francji.jpg\" \/>\n\t<meta property=\"og:image:width\" content=\"1680\" \/>\n\t<meta property=\"og:image:height\" content=\"420\" \/>\n\t<meta property=\"og:image:type\" content=\"image\/jpeg\" \/>\n<meta name=\"twitter:card\" content=\"summary_large_image\" \/>\n<meta name=\"twitter:label1\" content=\"Est. reading time\" \/>\n\t<meta name=\"twitter:data1\" content=\"1 minute\" \/>\n<script type=\"application\/ld+json\" class=\"yoast-schema-graph\">{\"@context\":\"https:\\\/\\\/schema.org\",\"@graph\":[{\"@type\":\"WebPage\",\"@id\":\"https:\\\/\\\/www.ksiegowy.fr\\\/uslugi\\\/oferta-ksiegowosc\\\/\",\"url\":\"https:\\\/\\\/www.ksiegowy.fr\\\/uslugi\\\/oferta-ksiegowosc\\\/\",\"name\":\"ksi\u0119gowo\u015b\u0107 - KSI\u0118GOWY WE FRANCJI\",\"isPartOf\":{\"@id\":\"https:\\\/\\\/www.ksiegowy.fr\\\/#website\"},\"primaryImageOfPage\":{\"@id\":\"https:\\\/\\\/www.ksiegowy.fr\\\/uslugi\\\/oferta-ksiegowosc\\\/#primaryimage\"},\"image\":{\"@id\":\"https:\\\/\\\/www.ksiegowy.fr\\\/uslugi\\\/oferta-ksiegowosc\\\/#primaryimage\"},\"thumbnailUrl\":\"https:\\\/\\\/www.ksiegowy.fr\\\/wp-content\\\/uploads\\\/2022\\\/05\\\/biznes-we-francji.jpg\",\"datePublished\":\"2022-05-17T15:22:02+00:00\",\"dateModified\":\"2024-11-09T22:28:48+00:00\",\"description\":\"Autoryzowane biuro ksi\u0119gowo\u015b\u0107 oferuj\u0105ce us\u0142ugi w Pary\u017cu i okolicach Le V\u00e9sinet. Specjalizujemy si\u0119 w pe\u0142nej ksi\u0119gowo\u015bci oraz bilansu.\",\"breadcrumb\":{\"@id\":\"https:\\\/\\\/www.ksiegowy.fr\\\/uslugi\\\/oferta-ksiegowosc\\\/#breadcrumb\"},\"inLanguage\":\"fr-FR\",\"potentialAction\":[{\"@type\":\"ReadAction\",\"target\":[\"https:\\\/\\\/www.ksiegowy.fr\\\/uslugi\\\/oferta-ksiegowosc\\\/\"]}]},{\"@type\":\"ImageObject\",\"inLanguage\":\"fr-FR\",\"@id\":\"https:\\\/\\\/www.ksiegowy.fr\\\/uslugi\\\/oferta-ksiegowosc\\\/#primaryimage\",\"url\":\"https:\\\/\\\/www.ksiegowy.fr\\\/wp-content\\\/uploads\\\/2022\\\/05\\\/biznes-we-francji.jpg\",\"contentUrl\":\"https:\\\/\\\/www.ksiegowy.fr\\\/wp-content\\\/uploads\\\/2022\\\/05\\\/biznes-we-francji.jpg\",\"width\":1680,\"height\":420,\"caption\":\"ksi\u0119gowo\u015b\u0107 we Francji\"},{\"@type\":\"BreadcrumbList\",\"@id\":\"https:\\\/\\\/www.ksiegowy.fr\\\/uslugi\\\/oferta-ksiegowosc\\\/#breadcrumb\",\"itemListElement\":[{\"@type\":\"ListItem\",\"position\":1,\"name\":\"Strona g\u0142\u00f3wna\",\"item\":\"https:\\\/\\\/www.ksiegowy.fr\\\/\"},{\"@type\":\"ListItem\",\"position\":2,\"name\":\"Us\u0142ugi\",\"item\":\"https:\\\/\\\/www.ksiegowy.fr\\\/uslugi\\\/\"},{\"@type\":\"ListItem\",\"position\":3,\"name\":\"Oferta ksi\u0119gowo\u015b\u0107\"}]},{\"@type\":\"WebSite\",\"@id\":\"https:\\\/\\\/www.ksiegowy.fr\\\/#website\",\"url\":\"https:\\\/\\\/www.ksiegowy.fr\\\/\",\"name\":\"KSI\u0118GOWY WE FRANCJI\",\"description\":\"Autoryzowane biuro ksi\u0119gowe we Francji partner przedsi\u0119biorc\u00f3w bran\u017cy remontowo-budowlanej bezpiecznie i po polsku Ksi\u0119gowo\u015b\u0107 P\u0142ace Finanse\",\"potentialAction\":[{\"@type\":\"SearchAction\",\"target\":{\"@type\":\"EntryPoint\",\"urlTemplate\":\"https:\\\/\\\/www.ksiegowy.fr\\\/?s={search_term_string}\"},\"query-input\":{\"@type\":\"PropertyValueSpecification\",\"valueRequired\":true,\"valueName\":\"search_term_string\"}}],\"inLanguage\":\"fr-FR\"}]}<\/script>\n<!-- \/ Yoast SEO Premium plugin. -->","yoast_head_json":{"title":"ksi\u0119gowo\u015b\u0107 - KSI\u0118GOWY WE FRANCJI","description":"Autoryzowane biuro ksi\u0119gowo\u015b\u0107 oferuj\u0105ce us\u0142ugi w Pary\u017cu i okolicach Le V\u00e9sinet. Specjalizujemy si\u0119 w pe\u0142nej ksi\u0119gowo\u015bci oraz bilansu.","robots":{"index":"index","follow":"follow","max-snippet":"max-snippet:-1","max-image-preview":"max-image-preview:large","max-video-preview":"max-video-preview:-1"},"canonical":"https:\/\/www.ksiegowy.fr\/fr\/uslugi\/oferta-ksiegowosc\/","og_locale":"fr_FR","og_type":"article","og_title":"Oferta ksi\u0119gowo\u015b\u0107","og_description":"Autoryzowane biuro ksi\u0119gowo\u015b\u0107 oferuj\u0105ce us\u0142ugi w Pary\u017cu i okolicach Le V\u00e9sinet. Specjalizujemy si\u0119 w pe\u0142nej ksi\u0119gowo\u015bci oraz bilansu.","og_url":"https:\/\/www.ksiegowy.fr\/fr\/uslugi\/oferta-ksiegowosc\/","og_site_name":"KSI\u0118GOWY WE FRANCJI","article_modified_time":"2024-11-09T22:28:48+00:00","og_image":[{"width":1680,"height":420,"url":"https:\/\/www.ksiegowy.fr\/wp-content\/uploads\/2022\/05\/biznes-we-francji.jpg","type":"image\/jpeg"}],"twitter_card":"summary_large_image","twitter_misc":{"Est. reading time":"1 minute"},"schema":{"@context":"https:\/\/schema.org","@graph":[{"@type":"WebPage","@id":"https:\/\/www.ksiegowy.fr\/uslugi\/oferta-ksiegowosc\/","url":"https:\/\/www.ksiegowy.fr\/uslugi\/oferta-ksiegowosc\/","name":"ksi\u0119gowo\u015b\u0107 - KSI\u0118GOWY WE FRANCJI","isPartOf":{"@id":"https:\/\/www.ksiegowy.fr\/#website"},"primaryImageOfPage":{"@id":"https:\/\/www.ksiegowy.fr\/uslugi\/oferta-ksiegowosc\/#primaryimage"},"image":{"@id":"https:\/\/www.ksiegowy.fr\/uslugi\/oferta-ksiegowosc\/#primaryimage"},"thumbnailUrl":"https:\/\/www.ksiegowy.fr\/wp-content\/uploads\/2022\/05\/biznes-we-francji.jpg","datePublished":"2022-05-17T15:22:02+00:00","dateModified":"2024-11-09T22:28:48+00:00","description":"Autoryzowane biuro ksi\u0119gowo\u015b\u0107 oferuj\u0105ce us\u0142ugi w Pary\u017cu i okolicach Le V\u00e9sinet. Specjalizujemy si\u0119 w pe\u0142nej ksi\u0119gowo\u015bci oraz bilansu.","breadcrumb":{"@id":"https:\/\/www.ksiegowy.fr\/uslugi\/oferta-ksiegowosc\/#breadcrumb"},"inLanguage":"fr-FR","potentialAction":[{"@type":"ReadAction","target":["https:\/\/www.ksiegowy.fr\/uslugi\/oferta-ksiegowosc\/"]}]},{"@type":"ImageObject","inLanguage":"fr-FR","@id":"https:\/\/www.ksiegowy.fr\/uslugi\/oferta-ksiegowosc\/#primaryimage","url":"https:\/\/www.ksiegowy.fr\/wp-content\/uploads\/2022\/05\/biznes-we-francji.jpg","contentUrl":"https:\/\/www.ksiegowy.fr\/wp-content\/uploads\/2022\/05\/biznes-we-francji.jpg","width":1680,"height":420,"caption":"ksi\u0119gowo\u015b\u0107 we Francji"},{"@type":"BreadcrumbList","@id":"https:\/\/www.ksiegowy.fr\/uslugi\/oferta-ksiegowosc\/#breadcrumb","itemListElement":[{"@type":"ListItem","position":1,"name":"Strona g\u0142\u00f3wna","item":"https:\/\/www.ksiegowy.fr\/"},{"@type":"ListItem","position":2,"name":"Us\u0142ugi","item":"https:\/\/www.ksiegowy.fr\/uslugi\/"},{"@type":"ListItem","position":3,"name":"Oferta ksi\u0119gowo\u015b\u0107"}]},{"@type":"WebSite","@id":"https:\/\/www.ksiegowy.fr\/#website","url":"https:\/\/www.ksiegowy.fr\/","name":"KSI\u0118GOWY WE FRANCJI","description":"Autoryzowane biuro ksi\u0119gowe we Francji partner przedsi\u0119biorc\u00f3w bran\u017cy remontowo-budowlanej bezpiecznie i po polsku Ksi\u0119gowo\u015b\u0107 P\u0142ace Finanse","potentialAction":[{"@type":"SearchAction","target":{"@type":"EntryPoint","urlTemplate":"https:\/\/www.ksiegowy.fr\/?s={search_term_string}"},"query-input":{"@type":"PropertyValueSpecification","valueRequired":true,"valueName":"search_term_string"}}],"inLanguage":"fr-FR"}]}},"_links":{"self":[{"href":"https:\/\/www.ksiegowy.fr\/fr\/wp-json\/wp\/v2\/pages\/145","targetHints":{"allow":["GET"]}}],"collection":[{"href":"https:\/\/www.ksiegowy.fr\/fr\/wp-json\/wp\/v2\/pages"}],"about":[{"href":"https:\/\/www.ksiegowy.fr\/fr\/wp-json\/wp\/v2\/types\/page"}],"author":[{"embeddable":true,"href":"https:\/\/www.ksiegowy.fr\/fr\/wp-json\/wp\/v2\/users\/3"}],"replies":[{"embeddable":true,"href":"https:\/\/www.ksiegowy.fr\/fr\/wp-json\/wp\/v2\/comments?post=145"}],"version-history":[{"count":9,"href":"https:\/\/www.ksiegowy.fr\/fr\/wp-json\/wp\/v2\/pages\/145\/revisions"}],"predecessor-version":[{"id":799,"href":"https:\/\/www.ksiegowy.fr\/fr\/wp-json\/wp\/v2\/pages\/145\/revisions\/799"}],"up":[{"embeddable":true,"href":"https:\/\/www.ksiegowy.fr\/fr\/wp-json\/wp\/v2\/pages\/158"}],"wp:featuredmedia":[{"embeddable":true,"href":"https:\/\/www.ksiegowy.fr\/fr\/wp-json\/wp\/v2\/media\/190"}],"wp:attachment":[{"href":"https:\/\/www.ksiegowy.fr\/fr\/wp-json\/wp\/v2\/media?parent=145"}],"curies":[{"name":"wp","href":"https:\/\/api.w.org\/{rel}","templated":true}]}}