{"id":144,"date":"2022-05-17T17:21:54","date_gmt":"2022-05-17T15:21:54","guid":{"rendered":"https:\/\/ksiegowy.fr\/?page_id=144"},"modified":"2025-12-11T19:19:02","modified_gmt":"2025-12-11T18:19:02","slug":"o-millenius","status":"publish","type":"page","link":"https:\/\/www.ksiegowy.fr\/fr\/o-millenius\/","title":{"rendered":"O millenius"},"content":{"rendered":"<div class=\"flex max-w-full flex-col flex-grow\">\n<div class=\"min-h-8 text-message flex w-full flex-col items-end gap-2 whitespace-normal break-words [.text-message+&amp;]:mt-5\" dir=\"auto\" data-message-author-role=\"assistant\" data-message-id=\"1ef5534b-b39d-4dd4-8440-4bc58d602258\" data-message-model-slug=\"gpt-4o\">\n<div class=\"flex w-full flex-col gap-1 empty:hidden first:pt-[3px]\">\n<div class=\"markdown prose w-full break-words dark:prose-invert dark\">\n<p>Millenius to nowoczesne biuro ksi\u0119gowe, kt\u00f3re oferuje pe\u0142en zakres us\u0142ug finansowych dla przedsi\u0119biorc\u00f3w z r\u00f3\u017cnych bran\u017c. Nasz zesp\u00f3\u0142 w skupia si\u0119 na wsparciu biznesu, zapewniaj\u0105c pomoc w zarz\u0105dzaniu finansami oraz pe\u0142nej obs\u0142udze kadrowo-p\u0142acowej. Dzi\u0119ki naszemu do\u015bwiadczeniu, dostosowuje rozwi\u0105zania do indywidualnych potrzeb ka\u017cdego klienta. Nasza specjalizacja obejmuje prowadzenie ksi\u0105g rachunkowych, doradztwo podatkowe oraz analiz\u0119 finansow\u0105, pozwalaj\u0105c\u0105 firmom skutecznie planowa\u0107 i optymalizowa\u0107 koszty.<\/p>\n<p>Millenius nie ogranicza si\u0119 wy\u0142\u0105cznie do standardowych us\u0142ug ksi\u0119gowych. W naszym biurze koncentrujemy si\u0119 na indywidualnym podej\u015bciu do ka\u017cdego klienta. Nasz cel to wspieranie klient\u00f3w na ka\u017cdym etapie dzia\u0142alno\u015bci biznesowej, nie tylko w bie\u017c\u0105cej obs\u0142udze finansowej, lecz tak\u017ce w d\u0142ugoterminowym planowaniu rozwoju. Zesp\u00f3\u0142 ekspert\u00f3w Millenius pomaga przedsi\u0119biorcom nie tylko zrozumie\u0107 sytuacj\u0119 finansow\u0105 swojej firmy, lecz r\u00f3wnie\u017c zidentyfikowa\u0107 obszary, kt\u00f3re wymagaj\u0105 ulepsze\u0144.<\/p>\n<p>Pracuj\u0105c z Millenius, przedsi\u0119biorcy mog\u0105 liczy\u0107 na pe\u0142n\u0105 transparentno\u015b\u0107 i profesjonalizm. Korzystamy z nowoczesnych narz\u0119dzi, aby zapewni\u0107 maksymaln\u0105 ochron\u0119 i poufno\u015b\u0107 danych. Dzi\u0119ki temu Millenius jest partnerem, kt\u00f3remu mo\u017cna zaufa\u0107, a nasze us\u0142ugi ciesz\u0105 si\u0119 wysok\u0105 opini\u0105 na rynku. Jeste\u015bmy \u015bwiadomi, \u017ce w dynamicznym \u015brodowisku biznesowym liczy si\u0119 czas i efektywno\u015b\u0107, dlatego Millenius gwarantuje terminowo\u015b\u0107 w ka\u017cdym aspekcie obs\u0142ugi ksi\u0119gowej.<\/p>\n<p>Nasi klienci doceniaj\u0105 wsparcie, jakie oferuje Millenius, w planowaniu strategii podatkowych i finansowych, kt\u00f3re pomagaj\u0105 osi\u0105gn\u0105\u0107 stabilno\u015b\u0107 finansow\u0105 oraz optymalizacj\u0119 koszt\u00f3w. Je\u015bli szukasz biura ksi\u0119gowego, kt\u00f3re oferuje nie tylko standardowe us\u0142ugi, lecz r\u00f3wnie\u017c doradztwo strategiczne i pe\u0142ne wsparcie w rozwoju biznesu, jest idealnym wyborem.<\/p>\n<p>d\u0105\u017cy do ci\u0105g\u0142ego rozwoju i doskonalenia oferowanych us\u0142ug. Dzi\u0119ki nieustannemu szkoleniu naszego zespo\u0142u i wdra\u017caniu nowych technologii, zapewniamy obs\u0142ug\u0119 na najwy\u017cszym poziomie. to wi\u0119cej ni\u017c tylko ksi\u0119gowo\u015b\u0107 \u2013 to pe\u0142ne wsparcie na ka\u017cdym etapie prowadzenia dzia\u0142alno\u015bci gospodarczej. Wybieraj\u0105c, zyskujesz pewno\u015b\u0107, \u017ce Twoja firma znajduje si\u0119 w dobrych r\u0119kach. Poznaj korzy\u015bci wsp\u00f3\u0142pracy z i do\u0142\u0105cz do grona naszych zadowolonych klient\u00f3w.<\/p>\n<p>\u2013 Tw\u00f3j partner w biznesie, kt\u00f3ry oferuje rzetelno\u015b\u0107, profesjonalizm i pe\u0142ne zaanga\u017cowanie.<\/p>\n<\/div>\n<\/div>\n<\/div>\n<\/div>\n","protected":false},"excerpt":{"rendered":"Millenius to nowoczesne biuro ksi\u0119gowe, kt\u00f3re oferuje pe\u0142en zakres us\u0142ug finansowych dla przedsi\u0119biorc\u00f3w z r\u00f3\u017cnych&#8230;","protected":false},"author":3,"featured_media":190,"parent":0,"menu_order":0,"comment_status":"closed","ping_status":"closed","template":"","meta":{"_acf_changed":false,"footnotes":""},"class_list":["post-144","page","type-page","status-publish","has-post-thumbnail","hentry"],"acf":[],"yoast_head":"<!-- This site is optimized with the Yoast SEO Premium plugin v23.8 (Yoast SEO v27.4) - https:\/\/yoast.com\/product\/yoast-seo-premium-wordpress\/ -->\n<title>Millenius - KSI\u0118GOWY WE FRANCJI<\/title>\n<meta name=\"description\" content=\"Autoryzowane millenius - biuro ksi\u0119gowe we Francji. Pe\u0142na ksi\u0119gowo\u015b\u0107 po polsku we Francji. Za\u0142o\u017cenie firmy SAS SARL SASU EURL MICRO.\" \/>\n<meta name=\"robots\" content=\"index, follow, max-snippet:-1, max-image-preview:large, max-video-preview:-1\" \/>\n<link rel=\"canonical\" href=\"https:\/\/www.ksiegowy.fr\/fr\/o-millenius\/\" \/>\n<meta property=\"og:locale\" content=\"fr_FR\" \/>\n<meta property=\"og:type\" content=\"article\" \/>\n<meta property=\"og:title\" content=\"O millenius\" \/>\n<meta property=\"og:description\" content=\"Autoryzowane millenius - biuro ksi\u0119gowe we Francji. Pe\u0142na ksi\u0119gowo\u015b\u0107 po polsku we Francji. Za\u0142o\u017cenie firmy SAS SARL SASU EURL MICRO.\" \/>\n<meta property=\"og:url\" content=\"https:\/\/www.ksiegowy.fr\/fr\/o-millenius\/\" \/>\n<meta property=\"og:site_name\" content=\"KSI\u0118GOWY WE FRANCJI\" \/>\n<meta property=\"article:modified_time\" content=\"2025-12-11T18:19:02+00:00\" \/>\n<meta property=\"og:image\" content=\"https:\/\/www.ksiegowy.fr\/wp-content\/uploads\/2022\/05\/biznes-we-francji.jpg\" \/>\n\t<meta property=\"og:image:width\" content=\"1680\" \/>\n\t<meta property=\"og:image:height\" content=\"420\" \/>\n\t<meta property=\"og:image:type\" content=\"image\/jpeg\" \/>\n<meta name=\"twitter:card\" content=\"summary_large_image\" \/>\n<meta name=\"twitter:label1\" content=\"Est. reading time\" \/>\n\t<meta name=\"twitter:data1\" content=\"1 minute\" \/>\n<script type=\"application\/ld+json\" class=\"yoast-schema-graph\">{\"@context\":\"https:\\\/\\\/schema.org\",\"@graph\":[{\"@type\":\"WebPage\",\"@id\":\"https:\\\/\\\/www.ksiegowy.fr\\\/o-millenius\\\/\",\"url\":\"https:\\\/\\\/www.ksiegowy.fr\\\/o-millenius\\\/\",\"name\":\"Millenius - KSI\u0118GOWY WE FRANCJI\",\"isPartOf\":{\"@id\":\"https:\\\/\\\/www.ksiegowy.fr\\\/#website\"},\"primaryImageOfPage\":{\"@id\":\"https:\\\/\\\/www.ksiegowy.fr\\\/o-millenius\\\/#primaryimage\"},\"image\":{\"@id\":\"https:\\\/\\\/www.ksiegowy.fr\\\/o-millenius\\\/#primaryimage\"},\"thumbnailUrl\":\"https:\\\/\\\/www.ksiegowy.fr\\\/wp-content\\\/uploads\\\/2022\\\/05\\\/biznes-we-francji.jpg\",\"datePublished\":\"2022-05-17T15:21:54+00:00\",\"dateModified\":\"2025-12-11T18:19:02+00:00\",\"description\":\"Autoryzowane millenius - biuro ksi\u0119gowe we Francji. Pe\u0142na ksi\u0119gowo\u015b\u0107 po polsku we Francji. Za\u0142o\u017cenie firmy SAS SARL SASU EURL MICRO.\",\"breadcrumb\":{\"@id\":\"https:\\\/\\\/www.ksiegowy.fr\\\/o-millenius\\\/#breadcrumb\"},\"inLanguage\":\"fr-FR\",\"potentialAction\":[{\"@type\":\"ReadAction\",\"target\":[\"https:\\\/\\\/www.ksiegowy.fr\\\/o-millenius\\\/\"]}]},{\"@type\":\"ImageObject\",\"inLanguage\":\"fr-FR\",\"@id\":\"https:\\\/\\\/www.ksiegowy.fr\\\/o-millenius\\\/#primaryimage\",\"url\":\"https:\\\/\\\/www.ksiegowy.fr\\\/wp-content\\\/uploads\\\/2022\\\/05\\\/biznes-we-francji.jpg\",\"contentUrl\":\"https:\\\/\\\/www.ksiegowy.fr\\\/wp-content\\\/uploads\\\/2022\\\/05\\\/biznes-we-francji.jpg\",\"width\":1680,\"height\":420,\"caption\":\"ksi\u0119gowo\u015b\u0107 we Francji\"},{\"@type\":\"BreadcrumbList\",\"@id\":\"https:\\\/\\\/www.ksiegowy.fr\\\/o-millenius\\\/#breadcrumb\",\"itemListElement\":[{\"@type\":\"ListItem\",\"position\":1,\"name\":\"Strona g\u0142\u00f3wna\",\"item\":\"https:\\\/\\\/www.ksiegowy.fr\\\/\"},{\"@type\":\"ListItem\",\"position\":2,\"name\":\"O millenius\"}]},{\"@type\":\"WebSite\",\"@id\":\"https:\\\/\\\/www.ksiegowy.fr\\\/#website\",\"url\":\"https:\\\/\\\/www.ksiegowy.fr\\\/\",\"name\":\"KSI\u0118GOWY WE FRANCJI\",\"description\":\"Autoryzowane biuro ksi\u0119gowe we Francji partner przedsi\u0119biorc\u00f3w bran\u017cy remontowo-budowlanej bezpiecznie i po polsku Ksi\u0119gowo\u015b\u0107 P\u0142ace Finanse\",\"potentialAction\":[{\"@type\":\"SearchAction\",\"target\":{\"@type\":\"EntryPoint\",\"urlTemplate\":\"https:\\\/\\\/www.ksiegowy.fr\\\/?s={search_term_string}\"},\"query-input\":{\"@type\":\"PropertyValueSpecification\",\"valueRequired\":true,\"valueName\":\"search_term_string\"}}],\"inLanguage\":\"fr-FR\"}]}<\/script>\n<!-- \/ Yoast SEO Premium plugin. -->","yoast_head_json":{"title":"Millenius - KSI\u0118GOWY WE FRANCJI","description":"Autoryzowane millenius - biuro ksi\u0119gowe we Francji. Pe\u0142na ksi\u0119gowo\u015b\u0107 po polsku we Francji. Za\u0142o\u017cenie firmy SAS SARL SASU EURL MICRO.","robots":{"index":"index","follow":"follow","max-snippet":"max-snippet:-1","max-image-preview":"max-image-preview:large","max-video-preview":"max-video-preview:-1"},"canonical":"https:\/\/www.ksiegowy.fr\/fr\/o-millenius\/","og_locale":"fr_FR","og_type":"article","og_title":"O millenius","og_description":"Autoryzowane millenius - biuro ksi\u0119gowe we Francji. Pe\u0142na ksi\u0119gowo\u015b\u0107 po polsku we Francji. Za\u0142o\u017cenie firmy SAS SARL SASU EURL MICRO.","og_url":"https:\/\/www.ksiegowy.fr\/fr\/o-millenius\/","og_site_name":"KSI\u0118GOWY WE FRANCJI","article_modified_time":"2025-12-11T18:19:02+00:00","og_image":[{"width":1680,"height":420,"url":"https:\/\/www.ksiegowy.fr\/wp-content\/uploads\/2022\/05\/biznes-we-francji.jpg","type":"image\/jpeg"}],"twitter_card":"summary_large_image","twitter_misc":{"Est. reading time":"1 minute"},"schema":{"@context":"https:\/\/schema.org","@graph":[{"@type":"WebPage","@id":"https:\/\/www.ksiegowy.fr\/o-millenius\/","url":"https:\/\/www.ksiegowy.fr\/o-millenius\/","name":"Millenius - KSI\u0118GOWY WE FRANCJI","isPartOf":{"@id":"https:\/\/www.ksiegowy.fr\/#website"},"primaryImageOfPage":{"@id":"https:\/\/www.ksiegowy.fr\/o-millenius\/#primaryimage"},"image":{"@id":"https:\/\/www.ksiegowy.fr\/o-millenius\/#primaryimage"},"thumbnailUrl":"https:\/\/www.ksiegowy.fr\/wp-content\/uploads\/2022\/05\/biznes-we-francji.jpg","datePublished":"2022-05-17T15:21:54+00:00","dateModified":"2025-12-11T18:19:02+00:00","description":"Autoryzowane millenius - biuro ksi\u0119gowe we Francji. Pe\u0142na ksi\u0119gowo\u015b\u0107 po polsku we Francji. Za\u0142o\u017cenie firmy SAS SARL SASU EURL MICRO.","breadcrumb":{"@id":"https:\/\/www.ksiegowy.fr\/o-millenius\/#breadcrumb"},"inLanguage":"fr-FR","potentialAction":[{"@type":"ReadAction","target":["https:\/\/www.ksiegowy.fr\/o-millenius\/"]}]},{"@type":"ImageObject","inLanguage":"fr-FR","@id":"https:\/\/www.ksiegowy.fr\/o-millenius\/#primaryimage","url":"https:\/\/www.ksiegowy.fr\/wp-content\/uploads\/2022\/05\/biznes-we-francji.jpg","contentUrl":"https:\/\/www.ksiegowy.fr\/wp-content\/uploads\/2022\/05\/biznes-we-francji.jpg","width":1680,"height":420,"caption":"ksi\u0119gowo\u015b\u0107 we Francji"},{"@type":"BreadcrumbList","@id":"https:\/\/www.ksiegowy.fr\/o-millenius\/#breadcrumb","itemListElement":[{"@type":"ListItem","position":1,"name":"Strona g\u0142\u00f3wna","item":"https:\/\/www.ksiegowy.fr\/"},{"@type":"ListItem","position":2,"name":"O millenius"}]},{"@type":"WebSite","@id":"https:\/\/www.ksiegowy.fr\/#website","url":"https:\/\/www.ksiegowy.fr\/","name":"KSI\u0118GOWY WE FRANCJI","description":"Autoryzowane biuro ksi\u0119gowe we Francji partner przedsi\u0119biorc\u00f3w bran\u017cy remontowo-budowlanej bezpiecznie i po polsku Ksi\u0119gowo\u015b\u0107 P\u0142ace Finanse","potentialAction":[{"@type":"SearchAction","target":{"@type":"EntryPoint","urlTemplate":"https:\/\/www.ksiegowy.fr\/?s={search_term_string}"},"query-input":{"@type":"PropertyValueSpecification","valueRequired":true,"valueName":"search_term_string"}}],"inLanguage":"fr-FR"}]}},"_links":{"self":[{"href":"https:\/\/www.ksiegowy.fr\/fr\/wp-json\/wp\/v2\/pages\/144","targetHints":{"allow":["GET"]}}],"collection":[{"href":"https:\/\/www.ksiegowy.fr\/fr\/wp-json\/wp\/v2\/pages"}],"about":[{"href":"https:\/\/www.ksiegowy.fr\/fr\/wp-json\/wp\/v2\/types\/page"}],"author":[{"embeddable":true,"href":"https:\/\/www.ksiegowy.fr\/fr\/wp-json\/wp\/v2\/users\/3"}],"replies":[{"embeddable":true,"href":"https:\/\/www.ksiegowy.fr\/fr\/wp-json\/wp\/v2\/comments?post=144"}],"version-history":[{"count":28,"href":"https:\/\/www.ksiegowy.fr\/fr\/wp-json\/wp\/v2\/pages\/144\/revisions"}],"predecessor-version":[{"id":909,"href":"https:\/\/www.ksiegowy.fr\/fr\/wp-json\/wp\/v2\/pages\/144\/revisions\/909"}],"wp:featuredmedia":[{"embeddable":true,"href":"https:\/\/www.ksiegowy.fr\/fr\/wp-json\/wp\/v2\/media\/190"}],"wp:attachment":[{"href":"https:\/\/www.ksiegowy.fr\/fr\/wp-json\/wp\/v2\/media?parent=144"}],"curies":[{"name":"wp","href":"https:\/\/api.w.org\/{rel}","templated":true}]}}