{"id":643,"date":"2023-11-20T12:44:19","date_gmt":"2023-11-20T11:44:19","guid":{"rendered":"https:\/\/www.ksiegowy.fr\/?post_type=product&#038;p=643"},"modified":"2024-04-05T19:07:31","modified_gmt":"2024-04-05T17:07:31","slug":"deklaracja-podatkowa-micro","status":"publish","type":"product","link":"https:\/\/www.ksiegowy.fr\/en\/product\/deklaracja-podatkowa-micro\/","title":{"rendered":"Deklaracja Podatkowa MICRO"},"content":{"rendered":"<h3>Prowadzisz dzia\u0142alno\u015b\u0107 micro we Franci?<\/h3>\n<h3>Szukasz \u0142atwego i skutecznego sposobu na uregulowanie swoich zobowi\u0105za\u0144 podatkowych?<\/h3>\n<h3>Deklaracja Podatkowa MICRO jest rozwi\u0105zaniem, kt\u00f3re jest dla Ciebie!<\/h3>\n<p>&nbsp;<\/p>\n<p>Co oferuje:<\/p>\n<p><strong>Szybkie i Precyzyjne Przygotowanie Deklaracji:<\/strong> Twoja deklaracja b\u0119dzie przygotowana szybko i zgodnie z obowi\u0105zuj\u0105cymi przepisami podatkowymi we Francji<\/p>\n<p><strong>Minimalne Zaanga\u017cowanie z Twojej Stron<\/strong>y: Nie musisz si\u0119 martwi\u0107 skomplikowanymi procedurami podatkowymi. Wystarczy, \u017ce dostarczysz mi niezb\u0119dne dokumenty<\/p>\n<p><strong>Bezpieczne Przechowywanie Dokument\u00f3w:<\/strong> Zapewniam Ci bezpieczne i poufne przechowywanie wszystkich dokument\u00f3w zwi\u0105zanych z Twoj\u0105 deklaracj\u0105 podatkow\u0105<\/p>\n<p><strong>Procedura Online:<\/strong> Ca\u0142y proces odbywa si\u0119 online, dzi\u0119ki czemu mo\u017cesz za\u0142atwi\u0107 wszystko bez wychodzenia z domu<\/p>\n<p><strong>P\u0142atno\u015b\u0107 Online:<\/strong> Proces p\u0142atno\u015bci jest bezpieczny i prosty<\/p>\n<p>&nbsp;<\/p>\n<p>&nbsp;<\/p>\n<h3>Proces Deklaracji Podatkowej MICRO &#8211; Wygodny i Bezpieczny<\/h3>\n<p>Proces jest prosty, wygodny i ca\u0142kowicie online, dzi\u0119ki czemu mo\u017cesz za\u0142atwi\u0107 wszystko z wygod\u0105 z domu.<\/p>\n<p>Oto, jak to dzia\u0142a:<\/p>\n<p><strong>1. Wybierz nasz\u0105 us\u0142ug\u0119<\/strong> na stronie internetowej<\/p>\n<p><strong>2. P\u0142atno\u015b\u0107:<\/strong> dokonaj p\u0142atno\u015bci online za pomoc\u0105 bezpiecznych metod p\u0142atno\u015bci elektronicznych<\/p>\n<p><strong>3.Potwierdzenie na email:<\/strong> Po dokonaniu p\u0142atno\u015bci otrzymasz potwierdzenie na swoj\u0105 skrzynk\u0119 e-mail. Potwierdzenie zawiera wszystkie niezb\u0119dne informacje dotycz\u0105ce us\u0142ugi<\/p>\n<p><strong>4.Dost\u0119p do dysku Drive:<\/strong> Dostaniesz link do dedykowanego dysku Drive, na kt\u00f3ry mo\u017cesz przes\u0142a\u0107 wszystkie niezb\u0119dne dokumenty zwi\u0105zane z deklaracj\u0105 podatkow\u0105 Twojej firmy<\/p>\n<p><strong>5.Przes\u0142anie dokument\u00f3w:<\/strong> Prze\u015blij wszystkie niezb\u0119dne dokumenty na dysk Drive zgodnie z instrukcjami<\/p>\n<p><strong>6.Przygotowanie deklaracji podatkowej:<\/strong> Przygotujemy deklaracje podatkowa na podstawie dostarczonych dokument\u00f3w. Po przygotowaniu otrzymasz wst\u0119pn\u0105 wersj\u0119 deklaracji do weryfikacji.<\/p>\n<p><strong>7.Z\u0142o\u017cenie deklaracji podatkowej:<\/strong> Po potwierdzeniu przez Ciebie poprawno\u015bci wst\u0119pnej deklaracji, deklaracja podatkowa zostanie z\u0142o\u017cona w Twoim imieniu do w\u0142a\u015bciwych organ\u00f3w podatkowych we Francji<\/p>\n<p>&nbsp;<\/p>\n<h3>Wybierz Deklaracj\u0119 Podatkow\u0105 MICRO, aby zyska\u0107 spok\u00f3j i pewno\u015b\u0107, \u017ce Twoje zobowi\u0105zania podatkowe s\u0105 uregulowane w spos\u00f3b sprawny i profesjonalny.<\/h3>\n<h3>Skontaktuj si\u0119 z nami ju\u017c dzi\u015b, aby rozpocz\u0105\u0107 wsp\u00f3\u0142prac\u0119!<\/h3>","protected":false},"excerpt":{"rendered":"<h3>Prowadzisz dzia\u0142alno\u015b\u0107 micro we Franci?<\/h3>\r\n<h3>Szukasz \u0142atwego i skutecznego sposobu na uregulowanie swoich zobowi\u0105za\u0144 podatkowych?<\/h3>\r\n<h3>Deklaracja Podatkowa MICRO jest rozwi\u0105zaniem, kt\u00f3re jest dla Ciebie!<\/h3>\r\n&nbsp;\r\n\r\nCo oferuje:\r\n\r\n<strong>Szybkie i Precyzyjne Przygotowanie Deklaracji:<\/strong> Twoja deklaracja b\u0119dzie przygotowana szybko i zgodnie z obowi\u0105zuj\u0105cymi przepisami podatkowymi we Francji\r\n\r\n<strong>Minimalne Zaanga\u017cowanie z Twojej Stron<\/strong>y: Nie musisz si\u0119 martwi\u0107 skomplikowanymi procedurami podatkowymi. Wystarczy, \u017ce dostarczysz mi niezb\u0119dne dokumenty\r\n\r\n<strong>Bezpieczne Przechowywanie Dokument\u00f3w:<\/strong> Zapewniam Ci bezpieczne i poufne przechowywanie wszystkich dokument\u00f3w zwi\u0105zanych z Twoj\u0105 deklaracj\u0105 podatkow\u0105\r\n\r\n<strong>Procedura Online:<\/strong> Ca\u0142y proces odbywa si\u0119 online, dzi\u0119ki czemu mo\u017cesz za\u0142atwi\u0107 wszystko bez wychodzenia z domu\r\n\r\n<strong>P\u0142atno\u015b\u0107 Online:<\/strong> Proces p\u0142atno\u015bci jest bezpieczny i prosty\r\n\r\n&nbsp;\r\n\r\n&nbsp;\r\n<h3>Proces Deklaracji Podatkowej MICRO &#8211; Wygodny i Bezpieczny<\/h3>\r\nProces jest prosty, wygodny i ca\u0142kowicie online, dzi\u0119ki czemu mo\u017cesz za\u0142atwi\u0107 wszystko z wygod\u0105 z domu.\r\n\r\nOto, jak to dzia\u0142a:\r\n\r\n<strong>1. Wybierz nasz\u0105 us\u0142ug\u0119<\/strong> na stronie internetowej\r\n\r\n<strong>2. P\u0142atno\u015b\u0107:<\/strong> dokonaj p\u0142atno\u015bci online za pomoc\u0105 bezpiecznych metod p\u0142atno\u015bci elektronicznych\r\n\r\n<strong>3.Potwierdzenie na email:<\/strong> Po dokonaniu p\u0142atno\u015bci otrzymasz potwierdzenie na swoj\u0105 skrzynk\u0119 e-mail. Potwierdzenie zawiera wszystkie niezb\u0119dne informacje dotycz\u0105ce us\u0142ugi\r\n\r\n<strong>4.Dost\u0119p do dysku Drive:<\/strong> Dostaniesz link do dedykowanego dysku Drive, na kt\u00f3ry mo\u017cesz przes\u0142a\u0107 wszystkie niezb\u0119dne dokumenty zwi\u0105zane z deklaracj\u0105 podatkow\u0105 Twojej firmy\r\n\r\n<strong>5.Przes\u0142anie dokument\u00f3w:<\/strong> Prze\u015blij wszystkie niezb\u0119dne dokumenty na dysk Drive zgodnie z instrukcjami\r\n\r\n<strong>6.Przygotowanie deklaracji podatkowej:<\/strong> Przygotujemy deklaracje podatkowa na podstawie dostarczonych dokument\u00f3w. Po przygotowaniu otrzymasz wst\u0119pn\u0105 wersj\u0119 deklaracji do weryfikacji.\r\n\r\n<strong>7.Z\u0142o\u017cenie deklaracji podatkowej:<\/strong> Po potwierdzeniu przez Ciebie poprawno\u015bci wst\u0119pnej deklaracji, deklaracja podatkowa zostanie z\u0142o\u017cona w Twoim imieniu do w\u0142a\u015bciwych organ\u00f3w podatkowych we Francji\r\n\r\n&nbsp;\r\n<h3>Wybierz Deklaracj\u0119 Podatkow\u0105 MICRO, aby zyska\u0107 spok\u00f3j i pewno\u015b\u0107, \u017ce Twoje zobowi\u0105zania podatkowe s\u0105 uregulowane w spos\u00f3b sprawny i profesjonalny.<\/h3>\r\n<h3>Skontaktuj si\u0119 z nami ju\u017c dzi\u015b, aby rozpocz\u0105\u0107 wsp\u00f3\u0142prac\u0119!<\/h3>\r\n&nbsp;","protected":false},"featured_media":746,"comment_status":"closed","ping_status":"closed","template":"","meta":{"_acf_changed":false},"product_brand":[],"product_cat":[17],"product_tag":[182,177,179,181,180,178],"class_list":{"0":"post-643","1":"product","2":"type-product","3":"status-publish","4":"has-post-thumbnail","6":"product_cat-glowna-kategoria","7":"product_tag-deklaracja-podatkowa-dla-przedsiebiorcow","8":"product_tag-deklaracja-podatkowa-francja","9":"product_tag-deklaracja-podatkowa-online","10":"product_tag-francuskie-prawo-podatkowe","11":"product_tag-obsluga-podatkowa-dla-malych-firm","12":"product_tag-uslugi-podatkowe-dla-firm-mikro","14":"first","15":"instock","16":"taxable","17":"shipping-taxable","18":"purchasable","19":"product-type-simple"},"acf":[],"yoast_head":"<!-- This site is optimized with the Yoast SEO Premium plugin v23.8 (Yoast SEO v27.4) - https:\/\/yoast.com\/product\/yoast-seo-premium-wordpress\/ -->\n<title>Deklaracja Podatkowa MICRO - KSI\u0118GOWY WE FRANCJI<\/title>\n<meta name=\"description\" content=\"Us\u0142uga Deklaracja Podatkowa MICRO oferuje kompleksow\u0105 obs\u0142ug\u0119 podatkow\u0105 dost\u0119pn\u0105 ca\u0142kowicie online. Oferujemy transparentne op\u0142aty i bezpieczne przechowywanie dokument\u00f3w. Skorzystaj z profesjonalnej obs\u0142ugi podatkowej ju\u017c dzi\u015b.\" \/>\n<meta name=\"robots\" content=\"index, follow, max-snippet:-1, max-image-preview:large, max-video-preview:-1\" \/>\n<link rel=\"canonical\" href=\"https:\/\/www.ksiegowy.fr\/en\/product\/deklaracja-podatkowa-micro\/\" \/>\n<meta property=\"og:locale\" content=\"en_GB\" \/>\n<meta property=\"og:type\" content=\"article\" \/>\n<meta property=\"og:title\" content=\"Deklaracja Podatkowa MICRO\" \/>\n<meta property=\"og:description\" content=\"Us\u0142uga Deklaracja Podatkowa MICRO oferuje kompleksow\u0105 obs\u0142ug\u0119 podatkow\u0105 dost\u0119pn\u0105 ca\u0142kowicie online. Oferujemy transparentne op\u0142aty i bezpieczne przechowywanie dokument\u00f3w. Skorzystaj z profesjonalnej obs\u0142ugi podatkowej ju\u017c dzi\u015b.\" \/>\n<meta property=\"og:url\" content=\"https:\/\/www.ksiegowy.fr\/en\/product\/deklaracja-podatkowa-micro\/\" \/>\n<meta property=\"og:site_name\" content=\"KSI\u0118GOWY WE FRANCJI\" \/>\n<meta property=\"article:modified_time\" content=\"2024-04-05T17:07:31+00:00\" \/>\n<meta property=\"og:image\" content=\"https:\/\/www.ksiegowy.fr\/wp-content\/uploads\/2023\/11\/DEKLARACJA-MICRO-.png\" \/>\n\t<meta property=\"og:image:width\" content=\"1080\" \/>\n\t<meta property=\"og:image:height\" content=\"1080\" \/>\n\t<meta property=\"og:image:type\" content=\"image\/png\" \/>\n<meta name=\"twitter:card\" content=\"summary_large_image\" \/>\n<meta name=\"twitter:label1\" content=\"Est. reading time\" \/>\n\t<meta name=\"twitter:data1\" content=\"2 minutes\" \/>\n<script type=\"application\/ld+json\" class=\"yoast-schema-graph\">{\"@context\":\"https:\\\/\\\/schema.org\",\"@graph\":[{\"@type\":\"WebPage\",\"@id\":\"https:\\\/\\\/www.ksiegowy.fr\\\/fr\\\/product\\\/deklaracja-podatkowa-micro\\\/\",\"url\":\"https:\\\/\\\/www.ksiegowy.fr\\\/fr\\\/product\\\/deklaracja-podatkowa-micro\\\/\",\"name\":\"Deklaracja Podatkowa MICRO - KSI\u0118GOWY WE FRANCJI\",\"isPartOf\":{\"@id\":\"https:\\\/\\\/www.ksiegowy.fr\\\/#website\"},\"primaryImageOfPage\":{\"@id\":\"https:\\\/\\\/www.ksiegowy.fr\\\/fr\\\/product\\\/deklaracja-podatkowa-micro\\\/#primaryimage\"},\"image\":{\"@id\":\"https:\\\/\\\/www.ksiegowy.fr\\\/fr\\\/product\\\/deklaracja-podatkowa-micro\\\/#primaryimage\"},\"thumbnailUrl\":\"https:\\\/\\\/www.ksiegowy.fr\\\/wp-content\\\/uploads\\\/2023\\\/11\\\/DEKLARACJA-MICRO-.png\",\"datePublished\":\"2023-11-20T11:44:19+00:00\",\"dateModified\":\"2024-04-05T17:07:31+00:00\",\"description\":\"Us\u0142uga Deklaracja Podatkowa MICRO oferuje kompleksow\u0105 obs\u0142ug\u0119 podatkow\u0105 dost\u0119pn\u0105 ca\u0142kowicie online. Oferujemy transparentne op\u0142aty i bezpieczne przechowywanie dokument\u00f3w. Skorzystaj z profesjonalnej obs\u0142ugi podatkowej ju\u017c dzi\u015b.\",\"breadcrumb\":{\"@id\":\"https:\\\/\\\/www.ksiegowy.fr\\\/fr\\\/product\\\/deklaracja-podatkowa-micro\\\/#breadcrumb\"},\"inLanguage\":\"en-GB\",\"potentialAction\":[{\"@type\":\"ReadAction\",\"target\":[\"https:\\\/\\\/www.ksiegowy.fr\\\/fr\\\/product\\\/deklaracja-podatkowa-micro\\\/\"]}]},{\"@type\":\"ImageObject\",\"inLanguage\":\"en-GB\",\"@id\":\"https:\\\/\\\/www.ksiegowy.fr\\\/fr\\\/product\\\/deklaracja-podatkowa-micro\\\/#primaryimage\",\"url\":\"https:\\\/\\\/www.ksiegowy.fr\\\/wp-content\\\/uploads\\\/2023\\\/11\\\/DEKLARACJA-MICRO-.png\",\"contentUrl\":\"https:\\\/\\\/www.ksiegowy.fr\\\/wp-content\\\/uploads\\\/2023\\\/11\\\/DEKLARACJA-MICRO-.png\",\"width\":1080,\"height\":1080,\"caption\":\"Deklaracja Podatkowa MICRO\"},{\"@type\":\"BreadcrumbList\",\"@id\":\"https:\\\/\\\/www.ksiegowy.fr\\\/fr\\\/product\\\/deklaracja-podatkowa-micro\\\/#breadcrumb\",\"itemListElement\":[{\"@type\":\"ListItem\",\"position\":1,\"name\":\"Strona g\u0142\u00f3wna\",\"item\":\"https:\\\/\\\/www.ksiegowy.fr\\\/\"},{\"@type\":\"ListItem\",\"position\":2,\"name\":\"Deklaracja Podatkowa MICRO\"}]},{\"@type\":\"WebSite\",\"@id\":\"https:\\\/\\\/www.ksiegowy.fr\\\/#website\",\"url\":\"https:\\\/\\\/www.ksiegowy.fr\\\/\",\"name\":\"KSI\u0118GOWY WE FRANCJI\",\"description\":\"Autoryzowane biuro ksi\u0119gowe we Francji partner przedsi\u0119biorc\u00f3w bran\u017cy remontowo-budowlanej bezpiecznie i po polsku Ksi\u0119gowo\u015b\u0107 P\u0142ace Finanse\",\"potentialAction\":[{\"@type\":\"SearchAction\",\"target\":{\"@type\":\"EntryPoint\",\"urlTemplate\":\"https:\\\/\\\/www.ksiegowy.fr\\\/?s={search_term_string}\"},\"query-input\":{\"@type\":\"PropertyValueSpecification\",\"valueRequired\":true,\"valueName\":\"search_term_string\"}}],\"inLanguage\":\"en-GB\"}]}<\/script>\n<!-- \/ Yoast SEO Premium plugin. -->","yoast_head_json":{"title":"Deklaracja Podatkowa MICRO - KSI\u0118GOWY WE FRANCJI","description":"Us\u0142uga Deklaracja Podatkowa MICRO oferuje kompleksow\u0105 obs\u0142ug\u0119 podatkow\u0105 dost\u0119pn\u0105 ca\u0142kowicie online. Oferujemy transparentne op\u0142aty i bezpieczne przechowywanie dokument\u00f3w. Skorzystaj z profesjonalnej obs\u0142ugi podatkowej ju\u017c dzi\u015b.","robots":{"index":"index","follow":"follow","max-snippet":"max-snippet:-1","max-image-preview":"max-image-preview:large","max-video-preview":"max-video-preview:-1"},"canonical":"https:\/\/www.ksiegowy.fr\/en\/product\/deklaracja-podatkowa-micro\/","og_locale":"en_GB","og_type":"article","og_title":"Deklaracja Podatkowa MICRO","og_description":"Us\u0142uga Deklaracja Podatkowa MICRO oferuje kompleksow\u0105 obs\u0142ug\u0119 podatkow\u0105 dost\u0119pn\u0105 ca\u0142kowicie online. Oferujemy transparentne op\u0142aty i bezpieczne przechowywanie dokument\u00f3w. Skorzystaj z profesjonalnej obs\u0142ugi podatkowej ju\u017c dzi\u015b.","og_url":"https:\/\/www.ksiegowy.fr\/en\/product\/deklaracja-podatkowa-micro\/","og_site_name":"KSI\u0118GOWY WE FRANCJI","article_modified_time":"2024-04-05T17:07:31+00:00","og_image":[{"width":1080,"height":1080,"url":"https:\/\/www.ksiegowy.fr\/wp-content\/uploads\/2023\/11\/DEKLARACJA-MICRO-.png","type":"image\/png"}],"twitter_card":"summary_large_image","twitter_misc":{"Est. reading time":"2 minutes"},"schema":{"@context":"https:\/\/schema.org","@graph":[{"@type":"WebPage","@id":"https:\/\/www.ksiegowy.fr\/fr\/product\/deklaracja-podatkowa-micro\/","url":"https:\/\/www.ksiegowy.fr\/fr\/product\/deklaracja-podatkowa-micro\/","name":"Deklaracja Podatkowa MICRO - KSI\u0118GOWY WE FRANCJI","isPartOf":{"@id":"https:\/\/www.ksiegowy.fr\/#website"},"primaryImageOfPage":{"@id":"https:\/\/www.ksiegowy.fr\/fr\/product\/deklaracja-podatkowa-micro\/#primaryimage"},"image":{"@id":"https:\/\/www.ksiegowy.fr\/fr\/product\/deklaracja-podatkowa-micro\/#primaryimage"},"thumbnailUrl":"https:\/\/www.ksiegowy.fr\/wp-content\/uploads\/2023\/11\/DEKLARACJA-MICRO-.png","datePublished":"2023-11-20T11:44:19+00:00","dateModified":"2024-04-05T17:07:31+00:00","description":"Us\u0142uga Deklaracja Podatkowa MICRO oferuje kompleksow\u0105 obs\u0142ug\u0119 podatkow\u0105 dost\u0119pn\u0105 ca\u0142kowicie online. Oferujemy transparentne op\u0142aty i bezpieczne przechowywanie dokument\u00f3w. Skorzystaj z profesjonalnej obs\u0142ugi podatkowej ju\u017c dzi\u015b.","breadcrumb":{"@id":"https:\/\/www.ksiegowy.fr\/fr\/product\/deklaracja-podatkowa-micro\/#breadcrumb"},"inLanguage":"en-GB","potentialAction":[{"@type":"ReadAction","target":["https:\/\/www.ksiegowy.fr\/fr\/product\/deklaracja-podatkowa-micro\/"]}]},{"@type":"ImageObject","inLanguage":"en-GB","@id":"https:\/\/www.ksiegowy.fr\/fr\/product\/deklaracja-podatkowa-micro\/#primaryimage","url":"https:\/\/www.ksiegowy.fr\/wp-content\/uploads\/2023\/11\/DEKLARACJA-MICRO-.png","contentUrl":"https:\/\/www.ksiegowy.fr\/wp-content\/uploads\/2023\/11\/DEKLARACJA-MICRO-.png","width":1080,"height":1080,"caption":"Deklaracja Podatkowa MICRO"},{"@type":"BreadcrumbList","@id":"https:\/\/www.ksiegowy.fr\/fr\/product\/deklaracja-podatkowa-micro\/#breadcrumb","itemListElement":[{"@type":"ListItem","position":1,"name":"Strona g\u0142\u00f3wna","item":"https:\/\/www.ksiegowy.fr\/"},{"@type":"ListItem","position":2,"name":"Deklaracja Podatkowa MICRO"}]},{"@type":"WebSite","@id":"https:\/\/www.ksiegowy.fr\/#website","url":"https:\/\/www.ksiegowy.fr\/","name":"KSI\u0118GOWY WE FRANCJI","description":"Autoryzowane biuro ksi\u0119gowe we Francji partner przedsi\u0119biorc\u00f3w bran\u017cy remontowo-budowlanej bezpiecznie i po polsku Ksi\u0119gowo\u015b\u0107 P\u0142ace Finanse","potentialAction":[{"@type":"SearchAction","target":{"@type":"EntryPoint","urlTemplate":"https:\/\/www.ksiegowy.fr\/?s={search_term_string}"},"query-input":{"@type":"PropertyValueSpecification","valueRequired":true,"valueName":"search_term_string"}}],"inLanguage":"en-GB"}]}},"_links":{"self":[{"href":"https:\/\/www.ksiegowy.fr\/en\/wp-json\/wp\/v2\/product\/643","targetHints":{"allow":["GET"]}}],"collection":[{"href":"https:\/\/www.ksiegowy.fr\/en\/wp-json\/wp\/v2\/product"}],"about":[{"href":"https:\/\/www.ksiegowy.fr\/en\/wp-json\/wp\/v2\/types\/product"}],"replies":[{"embeddable":true,"href":"https:\/\/www.ksiegowy.fr\/en\/wp-json\/wp\/v2\/comments?post=643"}],"wp:featuredmedia":[{"embeddable":true,"href":"https:\/\/www.ksiegowy.fr\/en\/wp-json\/wp\/v2\/media\/746"}],"wp:attachment":[{"href":"https:\/\/www.ksiegowy.fr\/en\/wp-json\/wp\/v2\/media?parent=643"}],"wp:term":[{"taxonomy":"product_brand","embeddable":true,"href":"https:\/\/www.ksiegowy.fr\/en\/wp-json\/wp\/v2\/product_brand?post=643"},{"taxonomy":"product_cat","embeddable":true,"href":"https:\/\/www.ksiegowy.fr\/en\/wp-json\/wp\/v2\/product_cat?post=643"},{"taxonomy":"product_tag","embeddable":true,"href":"https:\/\/www.ksiegowy.fr\/en\/wp-json\/wp\/v2\/product_tag?post=643"}],"curies":[{"name":"wp","href":"https:\/\/api.w.org\/{rel}","templated":true}]}}