{"id":631,"date":"2023-11-18T20:21:31","date_gmt":"2023-11-18T19:21:31","guid":{"rendered":"https:\/\/www.ksiegowy.fr\/?page_id=631"},"modified":"2024-11-13T08:10:33","modified_gmt":"2024-11-13T07:10:33","slug":"rezerwacje","status":"publish","type":"page","link":"https:\/\/www.ksiegowy.fr\/en\/rezerwacje\/","title":{"rendered":"Rezerwacje"},"content":{"rendered":"<p><iframe loading=\"lazy\" title=\"YouTube video player\" src=\"https:\/\/calendly.com\/ksiegowy-fr\" width=\"100%\" height=\"1200\" frameborder=\"0\" allowfullscreen=\"allowfullscreen\"><\/iframe><\/p>\n<p>&nbsp;<\/p>\n<p>&nbsp;<\/p>\n<p>&nbsp;<\/p>\n<div class=\"hide-pls\">\n<p>Je\u015bli potrzebujesz pomocy ksi\u0119gowej lub doradczej, Millenius oferuje wygodne rozwi\u0105zanie do sk\u0142adania rezerwacje\u00a0online. W naszym systemie rezerwacji mo\u017cesz \u0142atwo zarezerwowa\u0107 spotkanie z naszymi ekspertami, kt\u00f3rzy pomog\u0105 Ci w kwestiach ksi\u0119gowych, podatkowych oraz finansowych. Dzi\u0119ki systemowi rezerwacji mo\u017cesz szybko znale\u017a\u0107 dogodny termin i zaplanowa\u0107 spotkanie, kt\u00f3re pomo\u017ce rozwi\u0105za\u0107 Twoje problemy zwi\u0105zane z prowadzeniem firmy.<\/p>\n<p>W Millenius oferujemy mo\u017cliwo\u015b\u0107 sk\u0142adania rezerwacji na konsultacje z naszymi specjalistami, kt\u00f3rzy doradz\u0105 Ci w sprawach zwi\u0105zanych z optymalizacj\u0105 podatkow\u0105, prowadzeniem ksi\u0105g rachunkowych czy obs\u0142ug\u0105 kadrowo-p\u0142acow\u0105. Nasz system rezerwacje jest prosty w obs\u0142udze, dzi\u0119ki czemu mo\u017cesz \u0142atwo zaplanowa\u0107 spotkanie, kt\u00f3re najlepiej odpowiada Twoim potrzebom.<\/p>\n<p>Millenius to biuro ksi\u0119gowe, kt\u00f3re umo\u017cliwia wygodne sk\u0142adanie rezerwacje\u00a0na spotkania zar\u00f3wno online, jak i osobi\u015bcie. Dzi\u0119ki temu mo\u017cesz zarezerwowa\u0107 czas na konsultacj\u0119 w dogodnym terminie, bez wychodzenia z biura. Nasze rezerwacje to idealne rozwi\u0105zanie dla os\u00f3b, kt\u00f3re potrzebuj\u0105 szybkiej pomocy w zakresie ksi\u0119gowo\u015bci, podatk\u00f3w czy doradztwa finansowego.<\/p>\n<p>Dzi\u0119ki rezerwacjom w Millenius, masz pewno\u015b\u0107, \u017ce Twoje pytania zostan\u0105 szybko rozwi\u0105zane przez naszych ekspert\u00f3w. Nasz system rezerwacji pozwala na szybkie i \u0142atwe zaplanowanie spotkania, kt\u00f3re pomo\u017ce Ci w codziennych sprawach zwi\u0105zanych z ksi\u0119gowo\u015bci\u0105 oraz finansami firmy. Millenius to biuro, kt\u00f3re zapewnia pe\u0142ne wsparcie w zakresie ksi\u0119gowo\u015bci, podatk\u00f3w i doradztwa finansowego, a nasze rezerwacje to spos\u00f3b na szybki kontakt z naszymi specjalistami.<\/p>\n<p>Skorzystaj z naszego systemu rezerwacji, aby um\u00f3wi\u0107 si\u0119 na spotkanie z ekspertami Millenius i otrzyma\u0107 fachowe doradztwo ksi\u0119gowe, kt\u00f3re pomo\u017ce Ci usprawni\u0107 prowadzenie firmy. Dzi\u0119ki naszym rezerwacjom masz pewno\u015b\u0107, \u017ce Twoje finanse s\u0105 w dobrych r\u0119kach, a wszystkie kwestie zwi\u0105zane z podatkami i ksi\u0119gowo\u015bci\u0105 zostan\u0105 za\u0142atwione zgodnie z obowi\u0105zuj\u0105cymi przepisami.<\/p>\n<\/div>","protected":false},"excerpt":{"rendered":"&nbsp; &nbsp; &nbsp; Je\u015bli potrzebujesz pomocy ksi\u0119gowej lub doradczej, Millenius oferuje wygodne rozwi\u0105zanie do sk\u0142adania&#8230;","protected":false},"author":3,"featured_media":0,"parent":0,"menu_order":0,"comment_status":"closed","ping_status":"closed","template":"","meta":{"_acf_changed":false,"footnotes":""},"class_list":["post-631","page","type-page","status-publish","hentry"],"acf":[],"yoast_head":"<!-- This site is optimized with the Yoast SEO Premium plugin v23.8 (Yoast SEO v27.4) - https:\/\/yoast.com\/product\/yoast-seo-premium-wordpress\/ -->\n<title>Rezerwacje - KSI\u0118GOWY WE FRANCJI<\/title>\n<meta name=\"description\" content=\"Rezerwacje to skontaktowanie si\u0119 ze mn\u0105 jest um\u00f3wienie si\u0119 na konsultacj\u0119 za pomoc\u0105 kalendarza na naszej stronie internetowej\" \/>\n<meta name=\"robots\" content=\"index, follow, max-snippet:-1, max-image-preview:large, max-video-preview:-1\" \/>\n<link rel=\"canonical\" href=\"https:\/\/www.ksiegowy.fr\/en\/rezerwacje\/\" \/>\n<meta property=\"og:locale\" content=\"en_GB\" \/>\n<meta property=\"og:type\" content=\"article\" \/>\n<meta property=\"og:title\" content=\"Rezerwacje\" \/>\n<meta property=\"og:description\" content=\"Rezerwacje to skontaktowanie si\u0119 ze mn\u0105 jest um\u00f3wienie si\u0119 na konsultacj\u0119 za pomoc\u0105 kalendarza na naszej stronie internetowej\" \/>\n<meta property=\"og:url\" content=\"https:\/\/www.ksiegowy.fr\/en\/rezerwacje\/\" \/>\n<meta property=\"og:site_name\" content=\"KSI\u0118GOWY WE FRANCJI\" \/>\n<meta property=\"article:modified_time\" content=\"2024-11-13T07:10:33+00:00\" \/>\n<meta name=\"twitter:card\" content=\"summary_large_image\" \/>\n<script type=\"application\/ld+json\" class=\"yoast-schema-graph\">{\"@context\":\"https:\\\/\\\/schema.org\",\"@graph\":[{\"@type\":\"WebPage\",\"@id\":\"https:\\\/\\\/www.ksiegowy.fr\\\/rezerwacje\\\/\",\"url\":\"https:\\\/\\\/www.ksiegowy.fr\\\/rezerwacje\\\/\",\"name\":\"Rezerwacje - KSI\u0118GOWY WE FRANCJI\",\"isPartOf\":{\"@id\":\"https:\\\/\\\/www.ksiegowy.fr\\\/#website\"},\"datePublished\":\"2023-11-18T19:21:31+00:00\",\"dateModified\":\"2024-11-13T07:10:33+00:00\",\"description\":\"Rezerwacje to skontaktowanie si\u0119 ze mn\u0105 jest um\u00f3wienie si\u0119 na konsultacj\u0119 za pomoc\u0105 kalendarza na naszej stronie internetowej\",\"breadcrumb\":{\"@id\":\"https:\\\/\\\/www.ksiegowy.fr\\\/rezerwacje\\\/#breadcrumb\"},\"inLanguage\":\"en-GB\",\"potentialAction\":[{\"@type\":\"ReadAction\",\"target\":[\"https:\\\/\\\/www.ksiegowy.fr\\\/rezerwacje\\\/\"]}]},{\"@type\":\"BreadcrumbList\",\"@id\":\"https:\\\/\\\/www.ksiegowy.fr\\\/rezerwacje\\\/#breadcrumb\",\"itemListElement\":[{\"@type\":\"ListItem\",\"position\":1,\"name\":\"Strona g\u0142\u00f3wna\",\"item\":\"https:\\\/\\\/www.ksiegowy.fr\\\/\"},{\"@type\":\"ListItem\",\"position\":2,\"name\":\"Rezerwacje\"}]},{\"@type\":\"WebSite\",\"@id\":\"https:\\\/\\\/www.ksiegowy.fr\\\/#website\",\"url\":\"https:\\\/\\\/www.ksiegowy.fr\\\/\",\"name\":\"KSI\u0118GOWY WE FRANCJI\",\"description\":\"Autoryzowane biuro ksi\u0119gowe we Francji partner przedsi\u0119biorc\u00f3w bran\u017cy remontowo-budowlanej bezpiecznie i po polsku Ksi\u0119gowo\u015b\u0107 P\u0142ace Finanse\",\"potentialAction\":[{\"@type\":\"SearchAction\",\"target\":{\"@type\":\"EntryPoint\",\"urlTemplate\":\"https:\\\/\\\/www.ksiegowy.fr\\\/?s={search_term_string}\"},\"query-input\":{\"@type\":\"PropertyValueSpecification\",\"valueRequired\":true,\"valueName\":\"search_term_string\"}}],\"inLanguage\":\"en-GB\"}]}<\/script>\n<!-- \/ Yoast SEO Premium plugin. -->","yoast_head_json":{"title":"Rezerwacje - KSI\u0118GOWY WE FRANCJI","description":"Rezerwacje to skontaktowanie si\u0119 ze mn\u0105 jest um\u00f3wienie si\u0119 na konsultacj\u0119 za pomoc\u0105 kalendarza na naszej stronie internetowej","robots":{"index":"index","follow":"follow","max-snippet":"max-snippet:-1","max-image-preview":"max-image-preview:large","max-video-preview":"max-video-preview:-1"},"canonical":"https:\/\/www.ksiegowy.fr\/en\/rezerwacje\/","og_locale":"en_GB","og_type":"article","og_title":"Rezerwacje","og_description":"Rezerwacje to skontaktowanie si\u0119 ze mn\u0105 jest um\u00f3wienie si\u0119 na konsultacj\u0119 za pomoc\u0105 kalendarza na naszej stronie internetowej","og_url":"https:\/\/www.ksiegowy.fr\/en\/rezerwacje\/","og_site_name":"KSI\u0118GOWY WE FRANCJI","article_modified_time":"2024-11-13T07:10:33+00:00","twitter_card":"summary_large_image","schema":{"@context":"https:\/\/schema.org","@graph":[{"@type":"WebPage","@id":"https:\/\/www.ksiegowy.fr\/rezerwacje\/","url":"https:\/\/www.ksiegowy.fr\/rezerwacje\/","name":"Rezerwacje - KSI\u0118GOWY WE FRANCJI","isPartOf":{"@id":"https:\/\/www.ksiegowy.fr\/#website"},"datePublished":"2023-11-18T19:21:31+00:00","dateModified":"2024-11-13T07:10:33+00:00","description":"Rezerwacje to skontaktowanie si\u0119 ze mn\u0105 jest um\u00f3wienie si\u0119 na konsultacj\u0119 za pomoc\u0105 kalendarza na naszej stronie internetowej","breadcrumb":{"@id":"https:\/\/www.ksiegowy.fr\/rezerwacje\/#breadcrumb"},"inLanguage":"en-GB","potentialAction":[{"@type":"ReadAction","target":["https:\/\/www.ksiegowy.fr\/rezerwacje\/"]}]},{"@type":"BreadcrumbList","@id":"https:\/\/www.ksiegowy.fr\/rezerwacje\/#breadcrumb","itemListElement":[{"@type":"ListItem","position":1,"name":"Strona g\u0142\u00f3wna","item":"https:\/\/www.ksiegowy.fr\/"},{"@type":"ListItem","position":2,"name":"Rezerwacje"}]},{"@type":"WebSite","@id":"https:\/\/www.ksiegowy.fr\/#website","url":"https:\/\/www.ksiegowy.fr\/","name":"KSI\u0118GOWY WE FRANCJI","description":"Autoryzowane biuro ksi\u0119gowe we Francji partner przedsi\u0119biorc\u00f3w bran\u017cy remontowo-budowlanej bezpiecznie i po polsku Ksi\u0119gowo\u015b\u0107 P\u0142ace Finanse","potentialAction":[{"@type":"SearchAction","target":{"@type":"EntryPoint","urlTemplate":"https:\/\/www.ksiegowy.fr\/?s={search_term_string}"},"query-input":{"@type":"PropertyValueSpecification","valueRequired":true,"valueName":"search_term_string"}}],"inLanguage":"en-GB"}]}},"_links":{"self":[{"href":"https:\/\/www.ksiegowy.fr\/en\/wp-json\/wp\/v2\/pages\/631","targetHints":{"allow":["GET"]}}],"collection":[{"href":"https:\/\/www.ksiegowy.fr\/en\/wp-json\/wp\/v2\/pages"}],"about":[{"href":"https:\/\/www.ksiegowy.fr\/en\/wp-json\/wp\/v2\/types\/page"}],"author":[{"embeddable":true,"href":"https:\/\/www.ksiegowy.fr\/en\/wp-json\/wp\/v2\/users\/3"}],"replies":[{"embeddable":true,"href":"https:\/\/www.ksiegowy.fr\/en\/wp-json\/wp\/v2\/comments?post=631"}],"version-history":[{"count":10,"href":"https:\/\/www.ksiegowy.fr\/en\/wp-json\/wp\/v2\/pages\/631\/revisions"}],"predecessor-version":[{"id":822,"href":"https:\/\/www.ksiegowy.fr\/en\/wp-json\/wp\/v2\/pages\/631\/revisions\/822"}],"wp:attachment":[{"href":"https:\/\/www.ksiegowy.fr\/en\/wp-json\/wp\/v2\/media?parent=631"}],"curies":[{"name":"wp","href":"https:\/\/api.w.org\/{rel}","templated":true}]}}